{"id":232975,"date":"2021-04-28T15:43:14","date_gmt":"2021-04-28T15:43:14","guid":{"rendered":"https:\/\/www.conservaspedroluis.com\/calidad-y-seguridad-alimentaria\/"},"modified":"2023-01-25T12:00:08","modified_gmt":"2023-01-25T12:00:08","slug":"qualitaet-und-lebensmittel-sicherheit","status":"publish","type":"page","link":"https:\/\/www.conservaspedroluis.com\/de\/qualitaet-und-lebensmittel-sicherheit\/","title":{"rendered":"Qualit\u00e4t und Lebensmittel-sicherheit"},"content":{"rendered":"<p>[et_pb_section fb_built=&#8220;1&#8243; _builder_version=&#8220;4.16&#8243; _module_preset=&#8220;default&#8220; global_colors_info=&#8220;{}&#8220;][et_pb_row _builder_version=&#8220;4.16&#8243; global_colors_info=&#8220;{}&#8220;][et_pb_column type=&#8220;4_4&#8243; _builder_version=&#8220;4.16&#8243; custom_padding=&#8220;|||&#8220; global_colors_info=&#8220;{}&#8220; custom_padding__hover=&#8220;|||&#8220;][et_pb_post_title meta=&#8220;off&#8220; featured_image=&#8220;off&#8220; _builder_version=&#8220;4.16&#8243; _module_preset=&#8220;default&#8220; title_font=&#8220;Quattrocento||||||||&#8220; title_font_size=&#8220;60px&#8220; title_font_size_tablet=&#8220;40px&#8220; title_font_size_phone=&#8220;40px&#8220; title_font_size_last_edited=&#8220;on|desktop&#8220; global_colors_info=&#8220;{}&#8220;][\/et_pb_post_title][\/et_pb_column][\/et_pb_row][et_pb_row column_structure=&#8220;2_5,3_5&#8243; _builder_version=&#8220;4.16&#8243; _module_preset=&#8220;default&#8220; global_colors_info=&#8220;{}&#8220;][et_pb_column type=&#8220;2_5&#8243; _builder_version=&#8220;4.16&#8243; _module_preset=&#8220;default&#8220; global_colors_info=&#8220;{}&#8220;][et_pb_text admin_label=&#8220;Subtitle&#8220; _builder_version=&#8220;4.19.4&#8243; text_font=&#8220;||||||||&#8220; text_text_color=&#8220;#000000&#8243; header_font=&#8220;||||||||&#8220; header_2_font=&#8220;Quattrocento|700|||||||&#8220; header_2_font_size=&#8220;28px&#8220; text_orientation=&#8220;justified&#8220; module_alignment=&#8220;center&#8220; custom_margin=&#8220;||||false|false&#8220; custom_padding=&#8220;||||false|false&#8220; animation_style=&#8220;fade&#8220; animation_direction=&#8220;left&#8220; animation_starting_opacity=&#8220;100%&#8220; hover_enabled=&#8220;0&#8243; text_font_size_tablet=&#8220;15px&#8220; text_font_size_phone=&#8220;14px&#8220; text_font_size_last_edited=&#8220;off|desktop&#8220; global_colors_info=&#8220;{}&#8220; sticky_enabled=&#8220;0&#8243;]<\/p>\n<p>Die Qualit\u00e4t unserer Produkte ist sowohl von unseren eigenen als auch von unabh\u00e4ngigen Labors garantiert. Alle unsere Verpackungen sind mit einer individuellen Losangabe versehen, die es uns erm\u00f6glicht, die R\u00fcckverfolgbarkeit unserer Erzeugnisse zu garantieren.<\/p>\n<p>Unser Unternehmen ist dem Spanischen Zentrum f\u00fcr Lebensmitteltechnologie und Lebensmittelsicherheit in San Adri\u00e1n (Navarra) angeschlossen.<\/p>\n<p>[\/et_pb_text][\/et_pb_column][et_pb_column type=&#8220;3_5&#8243; _builder_version=&#8220;4.16&#8243; _module_preset=&#8220;default&#8220; global_colors_info=&#8220;{}&#8220;][et_pb_video src=&#8220;https:\/\/www.conservaspedroluis.com\/wp-content\/uploads\/2021\/08\/web-calidad-v2.mp4&#8243; image_src=&#8220;https:\/\/www.conservaspedroluis.com\/wp-content\/uploads\/2021\/08\/web-calidad-capa.jpg&#8220; module_class=&#8220;lwp-no-download&#8220; _builder_version=&#8220;4.16&#8243; _module_preset=&#8220;default&#8220; max_width=&#8220;97%&#8220; module_alignment=&#8220;center&#8220; global_colors_info=&#8220;{}&#8220;][\/et_pb_video][\/et_pb_column][\/et_pb_row][\/et_pb_section][et_pb_section fb_built=&#8220;1&#8243; _builder_version=&#8220;4.16&#8243; _module_preset=&#8220;default&#8220; use_background_color_gradient=&#8220;on&#8220; background_color_gradient_stops=&#8220;#f3f1e5 0%|#f3f1e5 100%&#8220; background_color_gradient_overlays_image=&#8220;on&#8220; background_color_gradient_start=&#8220;#f3f1e5&#8243; background_color_gradient_end=&#8220;#f3f1e5&#8243; background_enable_image=&#8220;off&#8220; custom_padding=&#8220;13px||13px||true|&#8220; global_colors_info=&#8220;{}&#8220;][et_pb_row _builder_version=&#8220;4.16&#8243; _module_preset=&#8220;default&#8220; custom_margin=&#8220;52px|auto|52px|auto|true|&#8220; custom_padding=&#8220;9px||9px||true|&#8220; global_colors_info=&#8220;{}&#8220;][et_pb_column type=&#8220;4_4&#8243; _builder_version=&#8220;4.16&#8243; _module_preset=&#8220;default&#8220; global_colors_info=&#8220;{}&#8220;][et_pb_text admin_label=&#8220;Subtitle&#8220; _builder_version=&#8220;4.19.4&#8243; text_font=&#8220;Quattrocento||||||||&#8220; header_font=&#8220;||||||||&#8220; header_2_font=&#8220;Quattrocento|700|||||||&#8220; header_2_text_align=&#8220;left&#8220; header_2_font_size=&#8220;35px&#8220; module_alignment=&#8220;center&#8220; custom_margin=&#8220;||22px|||&#8220; custom_padding=&#8220;5px|||||&#8220; animation_style=&#8220;fade&#8220; animation_direction=&#8220;left&#8220; animation_starting_opacity=&#8220;100%&#8220; hover_enabled=&#8220;0&#8243; global_colors_info=&#8220;{}&#8220; sticky_enabled=&#8220;0&#8243;]<\/p>\n<h2><strong>IFS-Zertifikat<\/strong><\/h2>\n<p>[\/et_pb_text][et_pb_text admin_label=&#8220;Subtitle&#8220; _builder_version=&#8220;4.19.4&#8243; text_font=&#8220;||||||||&#8220; text_text_color=&#8220;#000000&#8243; header_font=&#8220;||||||||&#8220; header_2_font=&#8220;Quattrocento|700|||||||&#8220; header_2_font_size=&#8220;28px&#8220; text_orientation=&#8220;justified&#8220; module_alignment=&#8220;center&#8220; custom_margin=&#8220;||||false|false&#8220; custom_padding=&#8220;||||false|false&#8220; animation_style=&#8220;fade&#8220; animation_direction=&#8220;left&#8220; animation_starting_opacity=&#8220;100%&#8220; hover_enabled=&#8220;0&#8243; global_colors_info=&#8220;{}&#8220; sticky_enabled=&#8220;0&#8243;]<\/p>\n<p style=\"text-align: justify;\">Das IFS-Protokoll (International Food Standard) ist ein von gro\u00dfen deutschen und franz\u00f6sischen Vertriebsfirmen definierter Standard, der das Qualit\u00e4tsmanagement in Firmen des Lebensmittelsektors regelt, um maximale Sicherheit bei den Produktions- und Verarbeitungsprozessen der Lebensmittel herzustellen.<\/p>\n<p style=\"text-align: justify;\">Ganz im Sinne seines starken Engagements f\u00fcr Qualit\u00e4t beschlie\u00dft Conservas Pedro Luis, das IFS-Protokoll zu implantieren, um auf diese Weise den h\u00f6chsten Anspr\u00fcchen an Qualit\u00e4t und Lebensmittelsicherheit zu gen\u00fcgen, ohne dabei im geringsten seine handwerklichen Verarbeitungsmethoden aufzugeben.<\/p>\n<p style=\"text-align: justify;\">Die Firma hat das Zertifikat mit der h\u00f6chsten Punktzahl (IFS Higher Level) erworben, wodurch verb\u00fcrgt ist, dass Conservas Pedro Luis eine der strengsten Vorschriften \u00fcber Lebensmittelsicherheit, Qualit\u00e4t seiner Werksanlagen und Verfahren zur Herstellung seiner Konserven erf\u00fcllt. Au\u00dferdem w\u00fcrdigt dieses Ergebnis die von allen Abteilungen der Firma daf\u00fcr geleistete Arbeit.<\/p>\n<p>[\/et_pb_text][\/et_pb_column][\/et_pb_row][\/et_pb_section][et_pb_section fb_built=&#8220;1&#8243; _builder_version=&#8220;4.16&#8243; _module_preset=&#8220;default&#8220; global_colors_info=&#8220;{}&#8220;][et_pb_row column_structure=&#8220;1_2,1_2&#8243; _builder_version=&#8220;4.16&#8243; _module_preset=&#8220;default&#8220; max_width=&#8220;1200px&#8220; global_colors_info=&#8220;{}&#8220;][et_pb_column type=&#8220;1_2&#8243; _builder_version=&#8220;4.16&#8243; _module_preset=&#8220;default&#8220; custom_padding=&#8220;|40px||40px|false|true&#8220; custom_padding_tablet=&#8220;&#8220; custom_padding_phone=&#8220;&#8220; custom_padding_last_edited=&#8220;on|desktop&#8220; global_colors_info=&#8220;{}&#8220;][et_pb_image src=&#8220;https:\/\/www.conservaspedroluis.com\/wp-content\/uploads\/2021\/04\/i-3.png&#8220; title_text=&#8220;i 3&#8243; align=&#8220;center&#8220; _builder_version=&#8220;4.16&#8243; _module_preset=&#8220;default&#8220; global_colors_info=&#8220;{}&#8220;][\/et_pb_image][\/et_pb_column][et_pb_column type=&#8220;1_2&#8243; _builder_version=&#8220;4.16&#8243; _module_preset=&#8220;default&#8220; custom_padding=&#8220;|40px||40px|false|true&#8220; custom_padding_tablet=&#8220;&#8220; custom_padding_phone=&#8220;&#8220; custom_padding_last_edited=&#8220;on|desktop&#8220; global_colors_info=&#8220;{}&#8220;][et_pb_image src=&#8220;https:\/\/www.conservaspedroluis.com\/wp-content\/uploads\/2021\/04\/i-2.png&#8220; title_text=&#8220;i 2&#8243; align=&#8220;center&#8220; _builder_version=&#8220;4.16&#8243; _module_preset=&#8220;default&#8220; global_colors_info=&#8220;{}&#8220;][\/et_pb_image][\/et_pb_column][\/et_pb_row][\/et_pb_section]<\/p>\n","protected":false},"excerpt":{"rendered":"<p>Die Qualit\u00e4t unserer Produkte ist sowohl von unseren eigenen als auch von unabh\u00e4ngigen Labors garantiert. Alle unsere Verpackungen sind mit einer individuellen Losangabe versehen, die es uns erm\u00f6glicht, die R\u00fcckverfolgbarkeit unserer Erzeugnisse zu garantieren. Unser Unternehmen ist dem Spanischen Zentrum f\u00fcr Lebensmitteltechnologie und Lebensmittelsicherheit in San Adri\u00e1n (Navarra) angeschlossen.IFS-ZertifikatDas IFS-Protokoll (International Food Standard) ist ein [&hellip;]<\/p>\n","protected":false},"author":1,"featured_media":0,"parent":0,"menu_order":0,"comment_status":"closed","ping_status":"closed","template":"","meta":{"_acf_changed":false,"_et_pb_use_builder":"on","_et_pb_old_content":"","_et_gb_content_width":"","footnotes":""},"class_list":["post-232975","page","type-page","status-publish","hentry"],"acf":[],"yoast_head":"<!-- This site is optimized with the Yoast SEO plugin v27.2 - https:\/\/yoast.com\/product\/yoast-seo-wordpress\/ -->\n<title>Qualit\u00e4t und Lebensmittel-sicherheit - Conservas Pedro Luis<\/title>\n<meta name=\"robots\" content=\"index, follow, max-snippet:-1, max-image-preview:large, max-video-preview:-1\" \/>\n<link rel=\"canonical\" href=\"https:\/\/www.conservaspedroluis.com\/de\/qualitaet-und-lebensmittel-sicherheit\/\" \/>\n<meta property=\"og:locale\" content=\"de_DE\" \/>\n<meta property=\"og:type\" content=\"article\" \/>\n<meta property=\"og:title\" content=\"Qualit\u00e4t und Lebensmittel-sicherheit - Conservas Pedro Luis\" \/>\n<meta property=\"og:description\" content=\"Die Qualit\u00e4t unserer Produkte ist sowohl von unseren eigenen als auch von unabh\u00e4ngigen Labors garantiert. Alle unsere Verpackungen sind mit einer individuellen Losangabe versehen, die es uns erm\u00f6glicht, die R\u00fcckverfolgbarkeit unserer Erzeugnisse zu garantieren. Unser Unternehmen ist dem Spanischen Zentrum f\u00fcr Lebensmitteltechnologie und Lebensmittelsicherheit in San Adri\u00e1n (Navarra) angeschlossen.IFS-ZertifikatDas IFS-Protokoll (International Food Standard) ist ein [&hellip;]\" \/>\n<meta property=\"og:url\" content=\"https:\/\/www.conservaspedroluis.com\/de\/qualitaet-und-lebensmittel-sicherheit\/\" \/>\n<meta property=\"og:site_name\" content=\"Conservas Pedro Luis\" \/>\n<meta property=\"article:modified_time\" content=\"2023-01-25T12:00:08+00:00\" \/>\n<meta name=\"twitter:card\" content=\"summary_large_image\" \/>\n<meta name=\"twitter:label1\" content=\"Gesch\u00e4tzte Lesezeit\" \/>\n\t<meta name=\"twitter:data1\" content=\"2\u00a0Minuten\" \/>\n<script type=\"application\/ld+json\" class=\"yoast-schema-graph\">{\"@context\":\"https:\/\/schema.org\",\"@graph\":[{\"@type\":\"WebPage\",\"@id\":\"https:\/\/www.conservaspedroluis.com\/de\/qualitaet-und-lebensmittel-sicherheit\/\",\"url\":\"https:\/\/www.conservaspedroluis.com\/de\/qualitaet-und-lebensmittel-sicherheit\/\",\"name\":\"Qualit\u00e4t und Lebensmittel-sicherheit - Conservas Pedro Luis\",\"isPartOf\":{\"@id\":\"https:\/\/www.conservaspedroluis.com\/de\/#website\"},\"datePublished\":\"2021-04-28T15:43:14+00:00\",\"dateModified\":\"2023-01-25T12:00:08+00:00\",\"breadcrumb\":{\"@id\":\"https:\/\/www.conservaspedroluis.com\/de\/qualitaet-und-lebensmittel-sicherheit\/#breadcrumb\"},\"inLanguage\":\"de\",\"potentialAction\":[{\"@type\":\"ReadAction\",\"target\":[\"https:\/\/www.conservaspedroluis.com\/de\/qualitaet-und-lebensmittel-sicherheit\/\"]}]},{\"@type\":\"BreadcrumbList\",\"@id\":\"https:\/\/www.conservaspedroluis.com\/de\/qualitaet-und-lebensmittel-sicherheit\/#breadcrumb\",\"itemListElement\":[{\"@type\":\"ListItem\",\"position\":1,\"name\":\"Portada\",\"item\":\"https:\/\/www.conservaspedroluis.com\/de\/\"},{\"@type\":\"ListItem\",\"position\":2,\"name\":\"Qualit\u00e4t und Lebensmittel-sicherheit\"}]},{\"@type\":\"WebSite\",\"@id\":\"https:\/\/www.conservaspedroluis.com\/de\/#website\",\"url\":\"https:\/\/www.conservaspedroluis.com\/de\/\",\"name\":\"Conservas Pedro Luis\",\"description\":\"Tus conservas vegetales en Lodosa, Conservas Gourmet.\",\"potentialAction\":[{\"@type\":\"SearchAction\",\"target\":{\"@type\":\"EntryPoint\",\"urlTemplate\":\"https:\/\/www.conservaspedroluis.com\/de\/?s={search_term_string}\"},\"query-input\":{\"@type\":\"PropertyValueSpecification\",\"valueRequired\":true,\"valueName\":\"search_term_string\"}}],\"inLanguage\":\"de\"}]}<\/script>\n<!-- \/ Yoast SEO plugin. -->","yoast_head_json":{"title":"Qualit\u00e4t und Lebensmittel-sicherheit - Conservas Pedro Luis","robots":{"index":"index","follow":"follow","max-snippet":"max-snippet:-1","max-image-preview":"max-image-preview:large","max-video-preview":"max-video-preview:-1"},"canonical":"https:\/\/www.conservaspedroluis.com\/de\/qualitaet-und-lebensmittel-sicherheit\/","og_locale":"de_DE","og_type":"article","og_title":"Qualit\u00e4t und Lebensmittel-sicherheit - Conservas Pedro Luis","og_description":"Die Qualit\u00e4t unserer Produkte ist sowohl von unseren eigenen als auch von unabh\u00e4ngigen Labors garantiert. Alle unsere Verpackungen sind mit einer individuellen Losangabe versehen, die es uns erm\u00f6glicht, die R\u00fcckverfolgbarkeit unserer Erzeugnisse zu garantieren. Unser Unternehmen ist dem Spanischen Zentrum f\u00fcr Lebensmitteltechnologie und Lebensmittelsicherheit in San Adri\u00e1n (Navarra) angeschlossen.IFS-ZertifikatDas IFS-Protokoll (International Food Standard) ist ein [&hellip;]","og_url":"https:\/\/www.conservaspedroluis.com\/de\/qualitaet-und-lebensmittel-sicherheit\/","og_site_name":"Conservas Pedro Luis","article_modified_time":"2023-01-25T12:00:08+00:00","twitter_card":"summary_large_image","twitter_misc":{"Gesch\u00e4tzte Lesezeit":"2\u00a0Minuten"},"schema":{"@context":"https:\/\/schema.org","@graph":[{"@type":"WebPage","@id":"https:\/\/www.conservaspedroluis.com\/de\/qualitaet-und-lebensmittel-sicherheit\/","url":"https:\/\/www.conservaspedroluis.com\/de\/qualitaet-und-lebensmittel-sicherheit\/","name":"Qualit\u00e4t und Lebensmittel-sicherheit - Conservas Pedro Luis","isPartOf":{"@id":"https:\/\/www.conservaspedroluis.com\/de\/#website"},"datePublished":"2021-04-28T15:43:14+00:00","dateModified":"2023-01-25T12:00:08+00:00","breadcrumb":{"@id":"https:\/\/www.conservaspedroluis.com\/de\/qualitaet-und-lebensmittel-sicherheit\/#breadcrumb"},"inLanguage":"de","potentialAction":[{"@type":"ReadAction","target":["https:\/\/www.conservaspedroluis.com\/de\/qualitaet-und-lebensmittel-sicherheit\/"]}]},{"@type":"BreadcrumbList","@id":"https:\/\/www.conservaspedroluis.com\/de\/qualitaet-und-lebensmittel-sicherheit\/#breadcrumb","itemListElement":[{"@type":"ListItem","position":1,"name":"Portada","item":"https:\/\/www.conservaspedroluis.com\/de\/"},{"@type":"ListItem","position":2,"name":"Qualit\u00e4t und Lebensmittel-sicherheit"}]},{"@type":"WebSite","@id":"https:\/\/www.conservaspedroluis.com\/de\/#website","url":"https:\/\/www.conservaspedroluis.com\/de\/","name":"Conservas Pedro Luis","description":"Tus conservas vegetales en Lodosa, Conservas Gourmet.","potentialAction":[{"@type":"SearchAction","target":{"@type":"EntryPoint","urlTemplate":"https:\/\/www.conservaspedroluis.com\/de\/?s={search_term_string}"},"query-input":{"@type":"PropertyValueSpecification","valueRequired":true,"valueName":"search_term_string"}}],"inLanguage":"de"}]}},"_links":{"self":[{"href":"https:\/\/www.conservaspedroluis.com\/de\/wp-json\/wp\/v2\/pages\/232975","targetHints":{"allow":["GET"]}}],"collection":[{"href":"https:\/\/www.conservaspedroluis.com\/de\/wp-json\/wp\/v2\/pages"}],"about":[{"href":"https:\/\/www.conservaspedroluis.com\/de\/wp-json\/wp\/v2\/types\/page"}],"author":[{"embeddable":true,"href":"https:\/\/www.conservaspedroluis.com\/de\/wp-json\/wp\/v2\/users\/1"}],"replies":[{"embeddable":true,"href":"https:\/\/www.conservaspedroluis.com\/de\/wp-json\/wp\/v2\/comments?post=232975"}],"version-history":[{"count":0,"href":"https:\/\/www.conservaspedroluis.com\/de\/wp-json\/wp\/v2\/pages\/232975\/revisions"}],"wp:attachment":[{"href":"https:\/\/www.conservaspedroluis.com\/de\/wp-json\/wp\/v2\/media?parent=232975"}],"curies":[{"name":"wp","href":"https:\/\/api.w.org\/{rel}","templated":true}]}}