{"id":232980,"date":"2021-04-28T16:17:22","date_gmt":"2021-04-28T16:17:22","guid":{"rendered":"https:\/\/www.conservaspedroluis.com\/quienes-somos\/"},"modified":"2023-01-25T13:59:39","modified_gmt":"2023-01-25T13:59:39","slug":"ueber-uns","status":"publish","type":"page","link":"https:\/\/www.conservaspedroluis.com\/de\/ueber-uns\/","title":{"rendered":"\u00dcber uns"},"content":{"rendered":"<p>[et_pb_section fb_built=&#8220;1&#8243; _builder_version=&#8220;4.16&#8243; _module_preset=&#8220;default&#8220; global_colors_info=&#8220;{}&#8220;][et_pb_row _builder_version=&#8220;4.16&#8243; global_colors_info=&#8220;{}&#8220;][et_pb_column type=&#8220;4_4&#8243; _builder_version=&#8220;4.16&#8243; custom_padding=&#8220;|||&#8220; global_colors_info=&#8220;{}&#8220; custom_padding__hover=&#8220;|||&#8220;][et_pb_text admin_label=&#8220;Title&#8220; _builder_version=&#8220;4.19.4&#8243; text_font=&#8220;||||||||&#8220; header_font=&#8220;||||||||&#8220; header_2_font=&#8220;Quattrocento||||||||&#8220; header_2_text_align=&#8220;left&#8220; header_2_font_size=&#8220;60px&#8220; header_2_line_height=&#8220;1.3em&#8220; text_orientation=&#8220;center&#8220; custom_margin=&#8220;||10px|&#8220; animation_style=&#8220;fade&#8220; animation_direction=&#8220;left&#8220; animation_starting_opacity=&#8220;100%&#8220; hover_enabled=&#8220;0&#8243; header_2_font_size_tablet=&#8220;40px&#8220; header_2_font_size_phone=&#8220;&#8220; header_2_font_size_last_edited=&#8220;on|tablet&#8220; global_colors_info=&#8220;{}&#8220; sticky_enabled=&#8220;0&#8243;]<\/p>\n<h2>\u00dcber uns<\/h2>\n<p>[\/et_pb_text][\/et_pb_column][\/et_pb_row][et_pb_row column_structure=&#8220;1_2,1_2&#8243; _builder_version=&#8220;4.16&#8243; _module_preset=&#8220;default&#8220; module_alignment=&#8220;center&#8220; global_colors_info=&#8220;{}&#8220;][et_pb_column type=&#8220;1_2&#8243; _builder_version=&#8220;4.16&#8243; _module_preset=&#8220;default&#8220; global_colors_info=&#8220;{}&#8220;][et_pb_text _builder_version=&#8220;4.19.4&#8243; text_font=&#8220;||||||||&#8220; text_letter_spacing=&#8220;1px&#8220; text_line_height=&#8220;2em&#8220; text_orientation=&#8220;justified&#8220; hover_enabled=&#8220;0&#8243; global_colors_info=&#8220;{}&#8220; sticky_enabled=&#8220;0&#8243;]<\/p>\n<p style=\"text-align: justify;\">Conservas Pedro Luis ist ein 1988 gegr\u00fcndeter Familienbetrieb, der sich durch ein starkes Engagement f\u00fcr die Qualit\u00e4t der von ihm hergestellten Produkte und Respekt f\u00fcr die Umgebung und die Umwelt auszeichnet. Vor 40 Jahren widmeten unsere Eltern ihr Leben dem Ackerbau. Erst Ende der 1960er Jahre begannen sie mit dem Abf\u00fcllen der von ihnen geernteten Produkte, n\u00e4mlich Spargel und Paprika. Dieser Geist und dieses Qualit\u00e4tsversprechen, das von ihnen initiiert wurde, basierend auf einer sorgf\u00e4ltigen Kontrolle sowohl der Pflanzungen als auch der Produktionen, hat sich bis heute erhalten.<\/p>\n<p>[\/et_pb_text][\/et_pb_column][et_pb_column type=&#8220;1_2&#8243; _builder_version=&#8220;4.16&#8243; _module_preset=&#8220;default&#8220; global_colors_info=&#8220;{}&#8220;][et_pb_image src=&#8220;https:\/\/www.conservaspedroluis.com\/wp-content\/uploads\/2021\/11\/empresa-familiar-img.jpg&#8220; title_text=&#8220;empresa familiar img&#8220; _builder_version=&#8220;4.16&#8243; _module_preset=&#8220;default&#8220; custom_margin=&#8220;||||false|false&#8220; global_colors_info=&#8220;{}&#8220;][\/et_pb_image][\/et_pb_column][\/et_pb_row][\/et_pb_section][et_pb_section fb_built=&#8220;1&#8243; admin_label=&#8220;Problem and Solution&#8220; _builder_version=&#8220;4.16&#8243; background_color=&#8220;#282828&#8243; custom_padding=&#8220;50px|0px|50px|0px|true|&#8220; global_colors_info=&#8220;{}&#8220;][et_pb_row column_structure=&#8220;1_2,1_2&#8243; _builder_version=&#8220;4.16&#8243; custom_margin=&#8220;2%|||&#8220; custom_padding=&#8220;|||&#8220; animation_style=&#8220;flip&#8220; global_colors_info=&#8220;{}&#8220;][et_pb_column type=&#8220;1_2&#8243; _builder_version=&#8220;4.16&#8243; custom_padding=&#8220;|||&#8220; global_colors_info=&#8220;{}&#8220; custom_padding__hover=&#8220;|||&#8220;][et_pb_text _builder_version=&#8220;4.19.4&#8243; text_font=&#8220;||||||||&#8220; header_font=&#8220;||||||||&#8220; header_2_font=&#8220;||||||||&#8220; header_3_font=&#8220;|700||on|||||&#8220; header_3_text_color=&#8220;#edbb5f&#8220; header_3_font_size=&#8220;27px&#8220; header_3_letter_spacing=&#8220;1px&#8220; header_3_line_height=&#8220;1.4em&#8220; text_orientation=&#8220;justified&#8220; background_layout=&#8220;dark&#8220; max_width=&#8220;550px&#8220; custom_margin=&#8220;||||false|false&#8220; hover_enabled=&#8220;0&#8243; global_colors_info=&#8220;{}&#8220; sticky_enabled=&#8220;0&#8243;]<\/p>\n<h3><strong>PIONIERE DES BIOLANDBAUS<\/strong><\/h3>\n<p>Im \u00f6kologischen Landbau sind wir Pioniere, denn mit dem Paprika begannen wir bereits 1994. Wir bauen zwar nicht an, verarbeiten nur, pflegen jedoch ein pers\u00f6nliches Verh\u00e4ltnis mit allen unseren Zulieferern.<\/p>\n<p>[\/et_pb_text][et_pb_image src=&#8220;https:\/\/www.conservaspedroluis.com\/wp-content\/uploads\/2021\/07\/Bodegon-1.jpg&#8220; title_text=&#8220;Bodegon 1&#8243; url=&#8220;https:\/\/www.conservaspedroluis.com\/productos\/?wpf=eco_no_eco&#038;wpf_cols=3&#038;wpf_page=1&#038;wpf_nuestras-conservas=productos-ecologico&#8220; _builder_version=&#8220;4.16&#8243; _module_preset=&#8220;default&#8220; global_colors_info=&#8220;{}&#8220;][\/et_pb_image][\/et_pb_column][et_pb_column type=&#8220;1_2&#8243; _builder_version=&#8220;4.16&#8243; custom_padding=&#8220;|||&#8220; global_colors_info=&#8220;{}&#8220; custom_padding__hover=&#8220;|||&#8220;][et_pb_text _builder_version=&#8220;4.19.4&#8243; text_font=&#8220;||||||||&#8220; header_font=&#8220;||||||||&#8220; header_2_font=&#8220;||||||||&#8220; header_3_font=&#8220;|700||on|||||&#8220; header_3_text_color=&#8220;#edbb5f&#8220; header_3_font_size=&#8220;27px&#8220; header_3_letter_spacing=&#8220;1px&#8220; header_3_line_height=&#8220;1.4em&#8220; text_orientation=&#8220;justified&#8220; background_layout=&#8220;dark&#8220; max_width=&#8220;589px&#8220; hover_enabled=&#8220;0&#8243; global_colors_info=&#8220;{}&#8220; sticky_enabled=&#8220;0&#8243; custom_padding=&#8220;|0px||||&#8220;]<\/p>\n<h3 style=\"text-align: left;\"><strong>ERWEITERUNG DER PRODUKTPALETTE<\/strong><\/h3>\n<p style=\"text-align: justify;\">Ab der 2000er Dekade begannen wir mit der Artischocke aus Tudela die Entwicklung einer Bio-Produktpalette, die alle Sorten Gem\u00fcsekonserven umfasst. Zeitweise stammte sogar der Gro\u00dfteil der verarbeiteten Produkte aus dem \u00f6kologischen Landbau<\/p>\n<p>[\/et_pb_text][et_pb_image src=&#8220;https:\/\/www.conservaspedroluis.com\/wp-content\/uploads\/2021\/06\/Inicio-alcachofa.jpg&#8220; title_text=&#8220;Inicio alcachofa&#8220; url=&#8220;https:\/\/www.conservaspedroluis.com\/productos\/&#8220; _builder_version=&#8220;4.16&#8243; _module_preset=&#8220;default&#8220; global_colors_info=&#8220;{}&#8220;][\/et_pb_image][\/et_pb_column][\/et_pb_row][\/et_pb_section][et_pb_section fb_built=&#8220;1&#8243; admin_label=&#8220;Quote&#8220; _builder_version=&#8220;4.16&#8243; background_position=&#8220;top_right&#8220; custom_margin=&#8220;|||&#8220; custom_padding=&#8220;72px|0px|72px|0px|true|&#8220; global_colors_info=&#8220;{}&#8220;][et_pb_row _builder_version=&#8220;4.16&#8243; custom_padding=&#8220;|||&#8220; animation_style=&#8220;slide&#8220; animation_direction=&#8220;bottom&#8220; animation_intensity_slide=&#8220;10%&#8220; animation_starting_opacity=&#8220;100%&#8220; use_custom_width=&#8220;on&#8220; custom_width_px=&#8220;700px&#8220; global_colors_info=&#8220;{}&#8220;][et_pb_column type=&#8220;4_4&#8243; _builder_version=&#8220;4.16&#8243; background_color=&#8220;#ffffff&#8220; custom_padding=&#8220;|||&#8220; global_colors_info=&#8220;{}&#8220; custom_padding__hover=&#8220;|||&#8220;][et_pb_text _builder_version=&#8220;4.19.4&#8243; text_font=&#8220;|700|||||||&#8220; text_text_color=&#8220;#000000&#8243; text_font_size=&#8220;38px&#8220; text_line_height=&#8220;1.6em&#8220; header_font=&#8220;||||||||&#8220; header_2_font=&#8220;||||||||&#8220; header_3_font=&#8220;|700||on|||||&#8220; header_3_text_color=&#8220;#df3233&#8243; header_3_font_size=&#8220;14px&#8220; header_3_letter_spacing=&#8220;1px&#8220; header_3_line_height=&#8220;2em&#8220; text_orientation=&#8220;center&#8220; animation_style=&#8220;flip&#8220; animation_direction=&#8220;top&#8220; animation_duration=&#8220;1500ms&#8220; hover_enabled=&#8220;0&#8243; locked=&#8220;off&#8220; global_colors_info=&#8220;{}&#8220; sticky_enabled=&#8220;0&#8243;]<\/p>\n<h3><strong>FR\u00dcHER UND HEUTE<\/strong><\/h3>\n<p><strong>\u00abWir \u00fcberwachen und verfolgen sowohl die Pflanzungen als auch die Sorten und den optimalen Erntezeitpunkt.\u00bb<\/strong><\/p>\n<p>[\/et_pb_text][et_pb_divider color=&#8220;#E02B20&#8243; divider_weight=&#8220;2px&#8220; _builder_version=&#8220;4.16&#8243; max_width=&#8220;60px&#8220; module_alignment=&#8220;center&#8220; height=&#8220;2px&#8220; locked=&#8220;off&#8220; global_colors_info=&#8220;{}&#8220;][\/et_pb_divider][\/et_pb_column][\/et_pb_row][\/et_pb_section][et_pb_section fb_built=&#8220;1&#8243; admin_label=&#8220;Quote&#8220; _builder_version=&#8220;4.16&#8243; background_color=&#8220;#fcfcfc&#8220; background_position=&#8220;top_right&#8220; custom_margin=&#8220;|||&#8220; custom_padding=&#8220;23px|0px|23px|0px|true|&#8220; global_colors_info=&#8220;{}&#8220;][et_pb_row _builder_version=&#8220;4.16&#8243; global_colors_info=&#8220;{}&#8220;][et_pb_column type=&#8220;4_4&#8243; _builder_version=&#8220;4.16&#8243; custom_padding=&#8220;|||&#8220; global_colors_info=&#8220;{}&#8220; custom_padding__hover=&#8220;|||&#8220;][et_pb_text admin_label=&#8220;Title&#8220; _builder_version=&#8220;4.19.4&#8243; text_font=&#8220;||||||||&#8220; header_font=&#8220;||||||||&#8220; header_2_font=&#8220;Quattrocento||||||||&#8220; header_2_text_align=&#8220;center&#8220; header_2_font_size=&#8220;30px&#8220; header_2_line_height=&#8220;1.3em&#8220; text_orientation=&#8220;center&#8220; custom_margin=&#8220;||10px|&#8220; animation_style=&#8220;fade&#8220; animation_direction=&#8220;left&#8220; animation_starting_opacity=&#8220;100%&#8220; hover_enabled=&#8220;0&#8243; header_2_font_size_tablet=&#8220;40px&#8220; header_2_font_size_phone=&#8220;&#8220; header_2_font_size_last_edited=&#8220;on|tablet&#8220; global_colors_info=&#8220;{}&#8220; sticky_enabled=&#8220;0&#8243;]<\/p>\n<h2>Investitionshilfen<\/h2>\n<p>[\/et_pb_text][\/et_pb_column][\/et_pb_row][et_pb_row column_structure=&#8220;1_2,1_2&#8243; _builder_version=&#8220;4.16&#8243; background_color=&#8220;RGBA(255,255,255,0)&#8220; custom_padding=&#8220;|||&#8220; animation_style=&#8220;slide&#8220; animation_direction=&#8220;bottom&#8220; animation_intensity_slide=&#8220;10%&#8220; animation_starting_opacity=&#8220;100%&#8220; use_custom_width=&#8220;on&#8220; custom_width_px=&#8220;700px&#8220; global_colors_info=&#8220;{}&#8220;][et_pb_column type=&#8220;1_2&#8243; _builder_version=&#8220;4.16&#8243; background_color=&#8220;RGBA(255,255,255,0)&#8220; custom_padding=&#8220;|||&#8220; global_colors_info=&#8220;{}&#8220; custom_padding__hover=&#8220;|||&#8220;][et_pb_image src=&#8220;https:\/\/www.conservaspedroluis.com\/wp-content\/uploads\/2021\/11\/AYUDAS-INVERSION.jpg&#8220; title_text=&#8220;AYUDAS-INVERSION&#8220; align=&#8220;center&#8220; _builder_version=&#8220;4.18.0&#8243; _module_preset=&#8220;default&#8220; background_color=&#8220;RGBA(255,255,255,0)&#8220; global_colors_info=&#8220;{}&#8220;][\/et_pb_image][\/et_pb_column][et_pb_column type=&#8220;1_2&#8243; _builder_version=&#8220;4.16&#8243; background_color=&#8220;RGBA(255,255,255,0)&#8220; custom_padding=&#8220;|||&#8220; global_colors_info=&#8220;{}&#8220; custom_padding__hover=&#8220;|||&#8220;][et_pb_image src=&#8220;https:\/\/www.conservaspedroluis.com\/wp-content\/uploads\/2022\/09\/Ayuda-fonde-eu.webp&#8220; alt=&#8220;Ayuda Eu&#8220; title_text=&#8220;Ayuda fonde eu&#8220; align=&#8220;center&#8220; _builder_version=&#8220;4.18.0&#8243; _module_preset=&#8220;default&#8220; background_color=&#8220;RGBA(255,255,255,0)&#8220; global_colors_info=&#8220;{}&#8220;][\/et_pb_image][\/et_pb_column][\/et_pb_row][\/et_pb_section]<\/p>\n","protected":false},"excerpt":{"rendered":"<p>\u00dcber unsConservas Pedro Luis ist ein 1988 gegr\u00fcndeter Familienbetrieb, der sich durch ein starkes Engagement f\u00fcr die Qualit\u00e4t der von ihm hergestellten Produkte und Respekt f\u00fcr die Umgebung und die Umwelt auszeichnet. Vor 40 Jahren widmeten unsere Eltern ihr Leben dem Ackerbau. Erst Ende der 1960er Jahre begannen sie mit dem Abf\u00fcllen der von ihnen [&hellip;]<\/p>\n","protected":false},"author":1,"featured_media":0,"parent":0,"menu_order":0,"comment_status":"closed","ping_status":"closed","template":"","meta":{"_acf_changed":false,"_et_pb_use_builder":"on","_et_pb_old_content":"","_et_gb_content_width":"","footnotes":""},"class_list":["post-232980","page","type-page","status-publish","hentry"],"acf":[],"yoast_head":"<!-- This site is optimized with the Yoast SEO plugin v27.2 - https:\/\/yoast.com\/product\/yoast-seo-wordpress\/ -->\n<title>\u00dcber uns - Conservas Pedro Luis<\/title>\n<meta name=\"description\" content=\"Conservas Pedro Luis es una empresa familiar fundada en 1988, caracterizada por el alto compromiso por la calidad de los productos que fabricamos\" \/>\n<meta name=\"robots\" content=\"index, follow, max-snippet:-1, max-image-preview:large, max-video-preview:-1\" \/>\n<link rel=\"canonical\" href=\"https:\/\/www.conservaspedroluis.com\/de\/ueber-uns\/\" \/>\n<meta property=\"og:locale\" content=\"de_DE\" \/>\n<meta property=\"og:type\" content=\"article\" \/>\n<meta property=\"og:title\" content=\"\u00dcber uns - Conservas Pedro Luis\" \/>\n<meta property=\"og:description\" content=\"Conservas Pedro Luis es una empresa familiar fundada en 1988, caracterizada por el alto compromiso por la calidad de los productos que fabricamos\" \/>\n<meta property=\"og:url\" content=\"https:\/\/www.conservaspedroluis.com\/de\/ueber-uns\/\" \/>\n<meta property=\"og:site_name\" content=\"Conservas Pedro Luis\" \/>\n<meta property=\"article:modified_time\" content=\"2023-01-25T13:59:39+00:00\" \/>\n<meta name=\"twitter:card\" content=\"summary_large_image\" \/>\n<meta name=\"twitter:label1\" content=\"Gesch\u00e4tzte Lesezeit\" \/>\n\t<meta name=\"twitter:data1\" content=\"3\u00a0Minuten\" \/>\n<script type=\"application\/ld+json\" class=\"yoast-schema-graph\">{\"@context\":\"https:\/\/schema.org\",\"@graph\":[{\"@type\":\"WebPage\",\"@id\":\"https:\/\/www.conservaspedroluis.com\/de\/ueber-uns\/\",\"url\":\"https:\/\/www.conservaspedroluis.com\/de\/ueber-uns\/\",\"name\":\"\u00dcber uns - Conservas Pedro Luis\",\"isPartOf\":{\"@id\":\"https:\/\/www.conservaspedroluis.com\/de\/#website\"},\"datePublished\":\"2021-04-28T16:17:22+00:00\",\"dateModified\":\"2023-01-25T13:59:39+00:00\",\"description\":\"Conservas Pedro Luis es una empresa familiar fundada en 1988, caracterizada por el alto compromiso por la calidad de los productos que fabricamos\",\"breadcrumb\":{\"@id\":\"https:\/\/www.conservaspedroluis.com\/de\/ueber-uns\/#breadcrumb\"},\"inLanguage\":\"de\",\"potentialAction\":[{\"@type\":\"ReadAction\",\"target\":[\"https:\/\/www.conservaspedroluis.com\/de\/ueber-uns\/\"]}]},{\"@type\":\"BreadcrumbList\",\"@id\":\"https:\/\/www.conservaspedroluis.com\/de\/ueber-uns\/#breadcrumb\",\"itemListElement\":[{\"@type\":\"ListItem\",\"position\":1,\"name\":\"Portada\",\"item\":\"https:\/\/www.conservaspedroluis.com\/de\/\"},{\"@type\":\"ListItem\",\"position\":2,\"name\":\"\u00dcber uns\"}]},{\"@type\":\"WebSite\",\"@id\":\"https:\/\/www.conservaspedroluis.com\/de\/#website\",\"url\":\"https:\/\/www.conservaspedroluis.com\/de\/\",\"name\":\"Conservas Pedro Luis\",\"description\":\"Tus conservas vegetales en Lodosa, Conservas Gourmet.\",\"potentialAction\":[{\"@type\":\"SearchAction\",\"target\":{\"@type\":\"EntryPoint\",\"urlTemplate\":\"https:\/\/www.conservaspedroluis.com\/de\/?s={search_term_string}\"},\"query-input\":{\"@type\":\"PropertyValueSpecification\",\"valueRequired\":true,\"valueName\":\"search_term_string\"}}],\"inLanguage\":\"de\"}]}<\/script>\n<!-- \/ Yoast SEO plugin. -->","yoast_head_json":{"title":"\u00dcber uns - Conservas Pedro Luis","description":"Conservas Pedro Luis es una empresa familiar fundada en 1988, caracterizada por el alto compromiso por la calidad de los productos que fabricamos","robots":{"index":"index","follow":"follow","max-snippet":"max-snippet:-1","max-image-preview":"max-image-preview:large","max-video-preview":"max-video-preview:-1"},"canonical":"https:\/\/www.conservaspedroluis.com\/de\/ueber-uns\/","og_locale":"de_DE","og_type":"article","og_title":"\u00dcber uns - Conservas Pedro Luis","og_description":"Conservas Pedro Luis es una empresa familiar fundada en 1988, caracterizada por el alto compromiso por la calidad de los productos que fabricamos","og_url":"https:\/\/www.conservaspedroluis.com\/de\/ueber-uns\/","og_site_name":"Conservas Pedro Luis","article_modified_time":"2023-01-25T13:59:39+00:00","twitter_card":"summary_large_image","twitter_misc":{"Gesch\u00e4tzte Lesezeit":"3\u00a0Minuten"},"schema":{"@context":"https:\/\/schema.org","@graph":[{"@type":"WebPage","@id":"https:\/\/www.conservaspedroluis.com\/de\/ueber-uns\/","url":"https:\/\/www.conservaspedroluis.com\/de\/ueber-uns\/","name":"\u00dcber uns - Conservas Pedro Luis","isPartOf":{"@id":"https:\/\/www.conservaspedroluis.com\/de\/#website"},"datePublished":"2021-04-28T16:17:22+00:00","dateModified":"2023-01-25T13:59:39+00:00","description":"Conservas Pedro Luis es una empresa familiar fundada en 1988, caracterizada por el alto compromiso por la calidad de los productos que fabricamos","breadcrumb":{"@id":"https:\/\/www.conservaspedroluis.com\/de\/ueber-uns\/#breadcrumb"},"inLanguage":"de","potentialAction":[{"@type":"ReadAction","target":["https:\/\/www.conservaspedroluis.com\/de\/ueber-uns\/"]}]},{"@type":"BreadcrumbList","@id":"https:\/\/www.conservaspedroluis.com\/de\/ueber-uns\/#breadcrumb","itemListElement":[{"@type":"ListItem","position":1,"name":"Portada","item":"https:\/\/www.conservaspedroluis.com\/de\/"},{"@type":"ListItem","position":2,"name":"\u00dcber uns"}]},{"@type":"WebSite","@id":"https:\/\/www.conservaspedroluis.com\/de\/#website","url":"https:\/\/www.conservaspedroluis.com\/de\/","name":"Conservas Pedro Luis","description":"Tus conservas vegetales en Lodosa, Conservas Gourmet.","potentialAction":[{"@type":"SearchAction","target":{"@type":"EntryPoint","urlTemplate":"https:\/\/www.conservaspedroluis.com\/de\/?s={search_term_string}"},"query-input":{"@type":"PropertyValueSpecification","valueRequired":true,"valueName":"search_term_string"}}],"inLanguage":"de"}]}},"_links":{"self":[{"href":"https:\/\/www.conservaspedroluis.com\/de\/wp-json\/wp\/v2\/pages\/232980","targetHints":{"allow":["GET"]}}],"collection":[{"href":"https:\/\/www.conservaspedroluis.com\/de\/wp-json\/wp\/v2\/pages"}],"about":[{"href":"https:\/\/www.conservaspedroluis.com\/de\/wp-json\/wp\/v2\/types\/page"}],"author":[{"embeddable":true,"href":"https:\/\/www.conservaspedroluis.com\/de\/wp-json\/wp\/v2\/users\/1"}],"replies":[{"embeddable":true,"href":"https:\/\/www.conservaspedroluis.com\/de\/wp-json\/wp\/v2\/comments?post=232980"}],"version-history":[{"count":0,"href":"https:\/\/www.conservaspedroluis.com\/de\/wp-json\/wp\/v2\/pages\/232980\/revisions"}],"wp:attachment":[{"href":"https:\/\/www.conservaspedroluis.com\/de\/wp-json\/wp\/v2\/media?parent=232980"}],"curies":[{"name":"wp","href":"https:\/\/api.w.org\/{rel}","templated":true}]}}