{"id":231923,"date":"2021-04-27T11:11:50","date_gmt":"2021-04-27T11:11:50","guid":{"rendered":"https:\/\/www.conservaspedroluis.com\/politica-privacidad\/"},"modified":"2022-10-31T13:52:40","modified_gmt":"2022-10-31T13:52:40","slug":"privacy-policy","status":"publish","type":"page","link":"https:\/\/www.conservaspedroluis.com\/en\/privacy-policy\/","title":{"rendered":"Privacy Policy"},"content":{"rendered":"<p>[et_pb_section fb_built=&#8221;1&#8243; _builder_version=&#8221;4.16&#8243; _module_preset=&#8221;default&#8221; global_colors_info=&#8221;{}&#8221;][et_pb_row _builder_version=&#8221;4.16&#8243; global_colors_info=&#8221;{}&#8221;][et_pb_column type=&#8221;4_4&#8243; _builder_version=&#8221;4.16&#8243; custom_padding=&#8221;|||&#8221; global_colors_info=&#8221;{}&#8221; custom_padding__hover=&#8221;|||&#8221;][et_pb_post_title meta=&#8221;off&#8221; featured_image=&#8221;off&#8221; _builder_version=&#8221;4.16&#8243; _module_preset=&#8221;default&#8221; title_font_size=&#8221;60px&#8221; title_font_size_tablet=&#8221;40px&#8221; title_font_size_phone=&#8221;&#8221; title_font_size_last_edited=&#8221;on|phone&#8221; global_colors_info=&#8221;{}&#8221;][\/et_pb_post_title][\/et_pb_column][\/et_pb_row][et_pb_row _builder_version=&#8221;4.16&#8243; _module_preset=&#8221;default&#8221; global_colors_info=&#8221;{}&#8221;][et_pb_column type=&#8221;4_4&#8243; _builder_version=&#8221;4.16&#8243; _module_preset=&#8221;default&#8221; global_colors_info=&#8221;{}&#8221;][et_pb_text _builder_version=&#8221;4.18.0&#8243; _module_preset=&#8221;default&#8221; text_orientation=&#8221;justified&#8221; hover_enabled=&#8221;0&#8243; global_colors_info=&#8221;{}&#8221; sticky_enabled=&#8221;0&#8243;]<\/p>\n<p><strong>PRIVACY POLICY<\/strong><\/p>\n<p>Latest update: July 2020.<\/p>\n<ol>\n<li><strong>USER INFORMATION <\/strong><\/li>\n<\/ol>\n<p>CONSERVAS PEDRO LUIS S.L., as Data Controller, informs you that, in accordance with the provisions of Regulation (EU) 2016\/679, of 27 April, (GDPR) and L.O.\u00a0 3\/2018, of 5 December, on data protection and guarantee of digital rights (LOPDGDD), we will treat your data as we set out in this Privacy Policy.<\/p>\n<p>In this Privacy Policy we describe how we collect your personal data and why we collect it, what we do with it, who we share it with, how we protect it and your choices regarding the processing of your personal data.\u00a0<\/p>\n<p>This Policy applies to the processing of your personal data collected by the company for the provision of its services.\u00a0 If you agree to the measures in this Policy, you consent to our processing of your personal data as defined in this Policy.<\/p>\n<ol start=\"2\">\n<li><strong>CONTACT<\/strong><\/li>\n<\/ol>\n<p>Company Name:\u00a0<strong>CONSERVAS PEDRO LUIS S.L.<\/strong>\u2028Trade name:\u00a0<strong>\u00a0CONSERVAS PEDRO LUIS<\/strong>\u2028Tax number:\u00a0<strong>B31224058<\/strong>\u2028Address:\u00a0<strong>IND EL RAMAL S\/N, 31580 LODOSA (NAVARRA)<\/strong>\u2028e-mail:\u00a0<strong>info@conservaspedroluis.com<\/strong><\/p>\n<ol start=\"3\">\n<li><strong> KEY PRINCIPLES <\/strong><\/li>\n<\/ol>\n<p>We have always been committed to providing our services with the highest degree of quality, which includes treating your data with security and transparency.\u00a0 Our principles are:<\/p>\n<ul>\n<li><strong>Legality:<\/strong> We will only collect your Personal Data for specified, explicit and legitimate purposes.<\/li>\n<li><strong>Data minimisation<\/strong>: We limit the collection of Personal Data to what is strictly relevant and necessary for the purposes for which it was collected.<\/li>\n<li><strong>Purpose Limitation<\/strong>: We will only collect your personal data for the stated purposes and only in accordance with your wishes.<\/li>\n<li><strong>Accuracy<\/strong>: We will keep your personal data accurate and up to date.<\/li>\n<li><strong>Data Security<\/strong>: We implement appropriate technical and organisational measures proportionate to the risks to ensure that your data is not harmed, such as unauthorised disclosure or access, accidental or unlawful destruction or accidental loss or alteration and any other form of unlawful processing.<\/li>\n<li><strong>Access and Rectification<\/strong>: We have means for you to access or rectify your data when you deem it appropriate.<\/li>\n<li><strong>Retention<\/strong>: We retain your personal data lawfully and appropriately and only for as long as necessary for the purposes for which it was collected.<\/li>\n<li><strong>International transfers<\/strong>: in the case that your data is to be transferred outside the EU\/EEA it will be adequately protected.<\/li>\n<li><strong>Third parties<\/strong>: Access to and transfer of personal data to third parties is carried out in accordance with applicable laws and regulations and with appropriate contractual safeguards.<\/li>\n<li><strong>Direct Marketing and Cookies<\/strong>: We comply with applicable advertising and cookie legislation.<\/li>\n<\/ul>\n<ol start=\"4\">\n<li><strong>COLLECTION AND PROCESSING OF YOUR PERSONAL DATA<\/strong> The types of data that may be requested and processed are:<\/li>\n<\/ol>\n<ul>\n<li>Data of an identifying nature.<\/li>\n<\/ul>\n<p>We also automatically collect data about your visit to our website as described in the cookie policy.<\/p>\n<p>Whenever we request your Personal Data, we will make it clear to you what Personal Data we collect and for what purpose.\u00a0 In general, we collect and process your Personal Data for the purpose of:<\/p>\n<ul>\n<li>Providing information, services, products, relevant information and industry news.<\/li>\n<li>Sending communications.<\/li>\n<\/ul>\n<ol start=\"5\">\n<li><strong>LEGITIMACY <\/strong><\/li>\n<\/ol>\n<p>In accordance with the applicable data protection regulations, your personal data may be processed provided that:<\/p>\n<ul>\n<li>You have given us your consent for the purposes of the processing. You may, of course, withdraw your consent at any time.<\/li>\n<li>If legally required to do so.<\/li>\n<li>If there is a legitimate interest that is not undermined by your privacy rights, such as sending commercial information either due to subscribing to our newsletter or due to your status as a customer.<\/li>\n<li>Because it is necessary for the provision of any of our services through a contractual relationship between you and us.<\/li>\n<\/ul>\n<ol start=\"6\">\n<li><strong>COMMUNICATION OF PERSONAL DATA <\/strong><\/li>\n<\/ol>\n<p>The data may be communicated to companies related to <strong>CONSERVAS PEDRO LUIS S.L.<\/strong> for the provision of various services in their capacity as Data Processors.\u00a0 The company will not make any transfer, except by legal obligation.<\/p>\n<ol start=\"7\">\n<li><strong>YOUR RIGHTS <\/strong><\/li>\n<\/ol>\n<p>In relation to the collection and processing of your personal data, you can contact us at any time to:<\/p>\n<ul>\n<li>Access your personal data and any other information indicated in Article 15.1 of the GDPR.<\/li>\n<li>Rectify your personal data that is inaccurate or incomplete in accordance with Article 16 of the GDPR.<\/li>\n<li>Delete your personal data in accordance with Article 17 of the GDPR.<\/li>\n<li>Restrict the processing of your personal data in accordance with Article 18 of the GDPR.<\/li>\n<li>Request the portability of your data in accordance with Article 20 of the GDPR.<\/li>\n<li>Object to the processing of your personal data in accordance with Article 21 of the GDPR.<\/li>\n<\/ul>\n<p>If you have given your consent for any specific purpose, you have the right to withdraw the consent given at any time, without affecting the lawfulness of the processing based on the consent prior to its withdrawal.<\/p>\n<p>You may exercise these rights by sending a reasoned and accredited communication to info@conservaspedroluis.com.<\/p>\n<p>You also have the right to lodge a complaint with the competent supervisory authority (<a href=\"https:\/\/ceporros.com\/\">www.aepd.es<\/a>) if you consider that the processing does not comply with the regulations in force.<\/p>\n<ol start=\"8\">\n<li><strong>LEGAL INFORMATION<\/strong>\u2028The requirements of this Policy supplement, and do not replace, any other requirements existing under applicable data protection law, which shall prevail in any event.<\/li>\n<\/ol>\n<p>This Policy is subject to periodic review and may be amended by the Company at any time.\u00a0 When this happens, we will notify you of any changes and ask you to re-read the most recent version of our Policy and confirm your acceptance.<\/p>\n<p>[\/et_pb_text][\/et_pb_column][\/et_pb_row][\/et_pb_section]<\/p>\n","protected":false},"excerpt":{"rendered":"<p>PRIVACY POLICY Latest update: July 2020. USER INFORMATION CONSERVAS PEDRO LUIS S.L., as Data Controller, informs you that, in accordance with the provisions of Regulation (EU) 2016\/679, of 27 April, (GDPR) and L.O.\u00a0 3\/2018, of 5 December, on data protection and guarantee of digital rights (LOPDGDD), we will treat your data as we set out [&hellip;]<\/p>\n","protected":false},"author":1,"featured_media":0,"parent":0,"menu_order":0,"comment_status":"closed","ping_status":"open","template":"","meta":{"_acf_changed":false,"_et_pb_use_builder":"on","_et_pb_old_content":"<!-- wp:heading -->\r\n<h2>Qui\u00e9nes somos<\/h2>\r\n<!-- \/wp:heading --><!-- wp:paragraph -->\r\n<p><strong class=\"privacy-policy-tutorial\">Texto sugerido: <\/strong>La direcci\u00f3n de nuestra web es: http:\/\/www.conservaspedroluis.com.<\/p>\r\n<!-- \/wp:paragraph --><!-- wp:heading -->\r\n<h2>Comentarios<\/h2>\r\n<!-- \/wp:heading --><!-- wp:paragraph -->\r\n<p><strong class=\"privacy-policy-tutorial\">Texto sugerido: <\/strong>Cuando los visitantes dejan comentarios en la web, recopilamos los datos que se muestran en el formulario de comentarios, as\u00ed como la direcci\u00f3n IP del visitante y la cadena de agentes de usuario del navegador para ayudar a la detecci\u00f3n de spam.<\/p>\r\n<!-- \/wp:paragraph --><!-- wp:paragraph -->\r\n<p>Una cadena an\u00f3nima creada a partir de tu direcci\u00f3n de correo electr\u00f3nico (tambi\u00e9n llamada hash) puede ser proporcionada al servicio de Gravatar para ver si la est\u00e1s usando. La pol\u00edtica de privacidad del servicio Gravatar est\u00e1 disponible aqu\u00ed: https:\/\/automattic.com\/privacy\/. Despu\u00e9s de la aprobaci\u00f3n de tu comentario, la imagen de tu perfil es visible para el p\u00fablico en el contexto de tu comentario.<\/p>\r\n<!-- \/wp:paragraph --><!-- wp:heading -->\r\n<h2>Medios<\/h2>\r\n<!-- \/wp:heading --><!-- wp:paragraph -->\r\n<p><strong class=\"privacy-policy-tutorial\">Texto sugerido: <\/strong>Si subes im\u00e1genes a la web, deber\u00edas evitar subir im\u00e1genes con datos de ubicaci\u00f3n (GPS EXIF) incluidos. Los visitantes de la web pueden descargar y extraer cualquier dato de ubicaci\u00f3n de las im\u00e1genes de la web.<\/p>\r\n<!-- \/wp:paragraph --><!-- wp:heading -->\r\n<h2>Cookies<\/h2>\r\n<!-- \/wp:heading --><!-- wp:paragraph -->\r\n<p><strong class=\"privacy-policy-tutorial\">Texto sugerido: <\/strong>Si dejas un comentario en nuestro sitio puedes elegir guardar tu nombre, direcci\u00f3n de correo electr\u00f3nico y web en cookies. Esto es para tu comodidad, para que no tengas que volver a rellenar tus datos cuando dejes otro comentario. Estas cookies tendr\u00e1n una duraci\u00f3n de un a\u00f1o.<\/p>\r\n<!-- \/wp:paragraph --><!-- wp:paragraph -->\r\n<p>Si tienes una cuenta y te conectas a este sitio, instalaremos una cookie temporal para determinar si tu navegador acepta cookies. Esta cookie no contiene datos personales y se elimina al cerrar el navegador.<\/p>\r\n<!-- \/wp:paragraph --><!-- wp:paragraph -->\r\n<p>Cuando accedas, tambi\u00e9n instalaremos varias cookies para guardar tu informaci\u00f3n de acceso y tus opciones de visualizaci\u00f3n de pantalla. Las cookies de acceso duran dos d\u00edas, y las cookies de opciones de pantalla duran un a\u00f1o. Si seleccionas \u00abRecu\u00e9rdarme\u00bb, tu acceso perdurar\u00e1 durante dos semanas. Si sales de tu cuenta, las cookies de acceso se eliminar\u00e1n.<\/p>\r\n<!-- \/wp:paragraph --><!-- wp:paragraph -->\r\n<p>Si editas o publicas un art\u00edculo se guardar\u00e1 una cookie adicional en tu navegador. Esta cookie no incluye datos personales y simplemente indica el ID del art\u00edculo que acabas de editar. Caduca despu\u00e9s de 1 d\u00eda.<\/p>\r\n<!-- \/wp:paragraph --><!-- wp:heading -->\r\n<h2>Contenido incrustado de otros sitios web<\/h2>\r\n<!-- \/wp:heading --><!-- wp:paragraph -->\r\n<p><strong class=\"privacy-policy-tutorial\">Texto sugerido: <\/strong>Los art\u00edculos de este sitio pueden incluir contenido incrustado (por ejemplo, v\u00eddeos, im\u00e1genes, art\u00edculos, etc.). El contenido incrustado de otras webs se comporta exactamente de la misma manera que si el visitante hubiera visitado la otra web.<\/p>\r\n<!-- \/wp:paragraph --><!-- wp:paragraph -->\r\n<p>Estas web pueden recopilar datos sobre ti, utilizar cookies, incrustar un seguimiento adicional de terceros, y supervisar tu interacci\u00f3n con ese contenido incrustado, incluido el seguimiento de tu interacci\u00f3n con el contenido incrustado si tienes una cuenta y est\u00e1s conectado a esa web.<\/p>\r\n<!-- \/wp:paragraph --><!-- wp:heading -->\r\n<h2>Con qui\u00e9n compartimos tus datos<\/h2>\r\n<!-- \/wp:heading --><!-- wp:paragraph -->\r\n<p><strong class=\"privacy-policy-tutorial\">Texto sugerido: <\/strong>Si solicitas un restablecimiento de contrase\u00f1a, tu direcci\u00f3n IP ser\u00e1 incluida en el correo electr\u00f3nico de restablecimiento.<\/p>\r\n<!-- \/wp:paragraph --><!-- wp:heading -->\r\n<h2>Cu\u00e1nto tiempo conservamos tus datos<\/h2>\r\n<!-- \/wp:heading --><!-- wp:paragraph -->\r\n<p><strong class=\"privacy-policy-tutorial\">Texto sugerido: <\/strong>Si dejas un comentario, el comentario y sus metadatos se conservan indefinidamente. Esto es para que podamos reconocer y aprobar comentarios sucesivos autom\u00e1ticamente, en lugar de mantenerlos en una cola de moderaci\u00f3n.<\/p>\r\n<!-- \/wp:paragraph --><!-- wp:paragraph -->\r\n<p>De los usuarios que se registran en nuestra web (si los hay), tambi\u00e9n almacenamos la informaci\u00f3n personal que proporcionan en su perfil de usuario. Todos los usuarios pueden ver, editar o eliminar su informaci\u00f3n personal en cualquier momento (excepto que no pueden cambiar su nombre de usuario). Los administradores de la web tambi\u00e9n pueden ver y editar esa informaci\u00f3n.<\/p>\r\n<!-- \/wp:paragraph --><!-- wp:heading -->\r\n<h2>Qu\u00e9 derechos tienes sobre tus datos<\/h2>\r\n<!-- \/wp:heading --><!-- wp:paragraph -->\r\n<p><strong class=\"privacy-policy-tutorial\">Texto sugerido: <\/strong>Si tienes una cuenta o has dejado comentarios en esta web, puedes solicitar recibir un archivo de exportaci\u00f3n de los datos personales que tenemos sobre ti, incluyendo cualquier dato que nos hayas proporcionado. Tambi\u00e9n puedes solicitar que eliminemos cualquier dato personal que tengamos sobre ti. Esto no incluye ning\u00fan dato que estemos obligados a conservar con fines administrativos, legales o de seguridad.<\/p>\r\n<!-- \/wp:paragraph --><!-- wp:heading -->\r\n<h2>D\u00f3nde enviamos tus datos<\/h2>\r\n<!-- \/wp:heading --><!-- wp:paragraph -->\r\n<p><strong class=\"privacy-policy-tutorial\">Texto sugerido: <\/strong>Los comentarios de los visitantes puede que los revise un servicio de detecci\u00f3n autom\u00e1tica de spam.<\/p>\r\n<!-- \/wp:paragraph -->","_et_gb_content_width":"","footnotes":""},"class_list":["post-231923","page","type-page","status-publish","hentry"],"acf":[],"yoast_head":"<!-- This site is optimized with the Yoast SEO plugin v27.2 - https:\/\/yoast.com\/product\/yoast-seo-wordpress\/ -->\n<title>Privacy Policy - Conservas Pedro Luis<\/title>\n<meta name=\"robots\" content=\"noindex, follow\" \/>\n<meta property=\"og:locale\" content=\"en_US\" \/>\n<meta property=\"og:type\" content=\"article\" \/>\n<meta property=\"og:title\" content=\"Privacy Policy - Conservas Pedro Luis\" \/>\n<meta property=\"og:description\" content=\"PRIVACY POLICY Latest update: July 2020. USER INFORMATION CONSERVAS PEDRO LUIS S.L., as Data Controller, informs you that, in accordance with the provisions of Regulation (EU) 2016\/679, of 27 April, (GDPR) and L.O.\u00a0 3\/2018, of 5 December, on data protection and guarantee of digital rights (LOPDGDD), we will treat your data as we set out [&hellip;]\" \/>\n<meta property=\"og:url\" content=\"https:\/\/www.conservaspedroluis.com\/en\/privacy-policy\/\" \/>\n<meta property=\"og:site_name\" content=\"Conservas Pedro Luis\" \/>\n<meta property=\"article:modified_time\" content=\"2022-10-31T13:52:40+00:00\" \/>\n<meta name=\"twitter:card\" content=\"summary_large_image\" \/>\n<meta name=\"twitter:label1\" content=\"Est. reading time\" \/>\n\t<meta name=\"twitter:data1\" content=\"5 minutes\" \/>\n<script type=\"application\/ld+json\" class=\"yoast-schema-graph\">{\"@context\":\"https:\/\/schema.org\",\"@graph\":[{\"@type\":\"WebPage\",\"@id\":\"https:\/\/www.conservaspedroluis.com\/en\/privacy-policy\/\",\"url\":\"https:\/\/www.conservaspedroluis.com\/en\/privacy-policy\/\",\"name\":\"Privacy Policy - Conservas Pedro Luis\",\"isPartOf\":{\"@id\":\"https:\/\/www.conservaspedroluis.com\/en\/#website\"},\"datePublished\":\"2021-04-27T11:11:50+00:00\",\"dateModified\":\"2022-10-31T13:52:40+00:00\",\"breadcrumb\":{\"@id\":\"https:\/\/www.conservaspedroluis.com\/en\/privacy-policy\/#breadcrumb\"},\"inLanguage\":\"en-US\",\"potentialAction\":[{\"@type\":\"ReadAction\",\"target\":[\"https:\/\/www.conservaspedroluis.com\/en\/privacy-policy\/\"]}]},{\"@type\":\"BreadcrumbList\",\"@id\":\"https:\/\/www.conservaspedroluis.com\/en\/privacy-policy\/#breadcrumb\",\"itemListElement\":[{\"@type\":\"ListItem\",\"position\":1,\"name\":\"Portada\",\"item\":\"https:\/\/www.conservaspedroluis.com\/en\/\"},{\"@type\":\"ListItem\",\"position\":2,\"name\":\"Privacy Policy\"}]},{\"@type\":\"WebSite\",\"@id\":\"https:\/\/www.conservaspedroluis.com\/en\/#website\",\"url\":\"https:\/\/www.conservaspedroluis.com\/en\/\",\"name\":\"Conservas Pedro Luis\",\"description\":\"Tus conservas vegetales en Lodosa, Conservas Gourmet.\",\"potentialAction\":[{\"@type\":\"SearchAction\",\"target\":{\"@type\":\"EntryPoint\",\"urlTemplate\":\"https:\/\/www.conservaspedroluis.com\/en\/?s={search_term_string}\"},\"query-input\":{\"@type\":\"PropertyValueSpecification\",\"valueRequired\":true,\"valueName\":\"search_term_string\"}}],\"inLanguage\":\"en-US\"}]}<\/script>\n<!-- \/ Yoast SEO plugin. -->","yoast_head_json":{"title":"Privacy Policy - Conservas Pedro Luis","robots":{"index":"noindex","follow":"follow"},"og_locale":"en_US","og_type":"article","og_title":"Privacy Policy - Conservas Pedro Luis","og_description":"PRIVACY POLICY Latest update: July 2020. USER INFORMATION CONSERVAS PEDRO LUIS S.L., as Data Controller, informs you that, in accordance with the provisions of Regulation (EU) 2016\/679, of 27 April, (GDPR) and L.O.\u00a0 3\/2018, of 5 December, on data protection and guarantee of digital rights (LOPDGDD), we will treat your data as we set out [&hellip;]","og_url":"https:\/\/www.conservaspedroluis.com\/en\/privacy-policy\/","og_site_name":"Conservas Pedro Luis","article_modified_time":"2022-10-31T13:52:40+00:00","twitter_card":"summary_large_image","twitter_misc":{"Est. reading time":"5 minutes"},"schema":{"@context":"https:\/\/schema.org","@graph":[{"@type":"WebPage","@id":"https:\/\/www.conservaspedroluis.com\/en\/privacy-policy\/","url":"https:\/\/www.conservaspedroluis.com\/en\/privacy-policy\/","name":"Privacy Policy - Conservas Pedro Luis","isPartOf":{"@id":"https:\/\/www.conservaspedroluis.com\/en\/#website"},"datePublished":"2021-04-27T11:11:50+00:00","dateModified":"2022-10-31T13:52:40+00:00","breadcrumb":{"@id":"https:\/\/www.conservaspedroluis.com\/en\/privacy-policy\/#breadcrumb"},"inLanguage":"en-US","potentialAction":[{"@type":"ReadAction","target":["https:\/\/www.conservaspedroluis.com\/en\/privacy-policy\/"]}]},{"@type":"BreadcrumbList","@id":"https:\/\/www.conservaspedroluis.com\/en\/privacy-policy\/#breadcrumb","itemListElement":[{"@type":"ListItem","position":1,"name":"Portada","item":"https:\/\/www.conservaspedroluis.com\/en\/"},{"@type":"ListItem","position":2,"name":"Privacy Policy"}]},{"@type":"WebSite","@id":"https:\/\/www.conservaspedroluis.com\/en\/#website","url":"https:\/\/www.conservaspedroluis.com\/en\/","name":"Conservas Pedro Luis","description":"Tus conservas vegetales en Lodosa, Conservas Gourmet.","potentialAction":[{"@type":"SearchAction","target":{"@type":"EntryPoint","urlTemplate":"https:\/\/www.conservaspedroluis.com\/en\/?s={search_term_string}"},"query-input":{"@type":"PropertyValueSpecification","valueRequired":true,"valueName":"search_term_string"}}],"inLanguage":"en-US"}]}},"_links":{"self":[{"href":"https:\/\/www.conservaspedroluis.com\/en\/wp-json\/wp\/v2\/pages\/231923","targetHints":{"allow":["GET"]}}],"collection":[{"href":"https:\/\/www.conservaspedroluis.com\/en\/wp-json\/wp\/v2\/pages"}],"about":[{"href":"https:\/\/www.conservaspedroluis.com\/en\/wp-json\/wp\/v2\/types\/page"}],"author":[{"embeddable":true,"href":"https:\/\/www.conservaspedroluis.com\/en\/wp-json\/wp\/v2\/users\/1"}],"replies":[{"embeddable":true,"href":"https:\/\/www.conservaspedroluis.com\/en\/wp-json\/wp\/v2\/comments?post=231923"}],"version-history":[{"count":0,"href":"https:\/\/www.conservaspedroluis.com\/en\/wp-json\/wp\/v2\/pages\/231923\/revisions"}],"wp:attachment":[{"href":"https:\/\/www.conservaspedroluis.com\/en\/wp-json\/wp\/v2\/media?parent=231923"}],"curies":[{"name":"wp","href":"https:\/\/api.w.org\/{rel}","templated":true}]}}