{"id":232137,"date":"2022-09-19T15:13:27","date_gmt":"2022-09-19T15:13:27","guid":{"rendered":"https:\/\/www.conservaspedroluis.com\/natube\/"},"modified":"2023-01-18T13:53:20","modified_gmt":"2023-01-18T13:53:20","slug":"natube","status":"publish","type":"page","link":"https:\/\/www.conservaspedroluis.com\/en\/natube\/","title":{"rendered":"Natube"},"content":{"rendered":"<p>[et_pb_section fb_built=&#8221;1&#8243; _builder_version=&#8221;4.16&#8243; _module_preset=&#8221;default&#8221; global_colors_info=&#8221;{}&#8221;][et_pb_row _builder_version=&#8221;4.16&#8243; global_colors_info=&#8221;{}&#8221;][et_pb_column type=&#8221;4_4&#8243; _builder_version=&#8221;4.16&#8243; custom_padding=&#8221;|||&#8221; global_colors_info=&#8221;{}&#8221; custom_padding__hover=&#8221;|||&#8221;][et_pb_text admin_label=&#8221;Title&#8221; _builder_version=&#8221;4.18.0&#8243; text_font=&#8221;||||||||&#8221; header_font=&#8221;||||||||&#8221; header_2_font=&#8221;Quattrocento||||||||&#8221; header_2_text_align=&#8221;left&#8221; header_2_font_size=&#8221;60px&#8221; header_2_line_height=&#8221;1.3em&#8221; text_orientation=&#8221;center&#8221; custom_margin=&#8221;||10px|&#8221; animation_style=&#8221;fade&#8221; animation_direction=&#8221;left&#8221; animation_starting_opacity=&#8221;100%&#8221; header_2_font_size_tablet=&#8221;40px&#8221; header_2_font_size_phone=&#8221;&#8221; header_2_font_size_last_edited=&#8221;on|tablet&#8221; global_colors_info=&#8221;{}&#8221;]<\/p>\n<h2>Natube<\/h2>\n<p>[\/et_pb_text][\/et_pb_column][\/et_pb_row][et_pb_row column_structure=&#8221;2_5,3_5&#8243; _builder_version=&#8221;4.16&#8243; _module_preset=&#8221;default&#8221; module_alignment=&#8221;center&#8221; global_colors_info=&#8221;{}&#8221;][et_pb_column type=&#8221;2_5&#8243; _builder_version=&#8221;4.16&#8243; _module_preset=&#8221;default&#8221; global_colors_info=&#8221;{}&#8221;][et_pb_text _builder_version=&#8221;4.18.0&#8243; text_font=&#8221;||||||||&#8221; text_letter_spacing=&#8221;1px&#8221; text_line_height=&#8221;2em&#8221; text_orientation=&#8221;justified&#8221; global_colors_info=&#8221;{}&#8221;]<\/p>\n<p>The best selection of\u00a0<strong>fresh, seasonal ingredients for your baby<\/strong>.<\/p>\n<p style=\"margin: 0cm; text-align: justify; line-height: 24.0pt; vertical-align: baseline;\"><span lang=\"EN-GB\" style=\"font-size: 13.5pt; font-family: 'Quattrocento',serif; color: black;\">Prepared for your baby from the best selection of fresh, seasonal ingredients with all the guarantees and experience of Conservas Pedro Luis.<span style=\"letter-spacing: .75pt;\"><o:p><\/o:p><\/span><\/span><\/p>\n<p>[\/et_pb_text][\/et_pb_column][et_pb_column type=&#8221;3_5&#8243; _builder_version=&#8221;4.16&#8243; _module_preset=&#8221;default&#8221; global_colors_info=&#8221;{}&#8221;][et_pb_image src=&#8221;https:\/\/www.conservaspedroluis.com\/wp-content\/uploads\/2022\/09\/Natube-slide-3.webp&#8221; title_text=&#8221;Natube slide 3&#8243; _builder_version=&#8221;4.18.0&#8243; _module_preset=&#8221;default&#8221; custom_margin=&#8221;||||false|false&#8221; global_colors_info=&#8221;{}&#8221;][\/et_pb_image][\/et_pb_column][\/et_pb_row][\/et_pb_section][et_pb_section fb_built=&#8221;1&#8243; custom_padding_last_edited=&#8221;off|desktop&#8221; background_color_1=&#8221;#000000&#8243; background_color_2=&#8221;#000000&#8243; padding_top_1=&#8221;40px&#8221; padding_top_2=&#8221;60px&#8221; padding_right_1=&#8221;30px&#8221; padding_right_2=&#8221;60px&#8221; padding_bottom_1=&#8221;60px&#8221; padding_bottom_2=&#8221;60px&#8221; padding_left_1=&#8221;60px&#8221; padding_left_2=&#8221;30px&#8221; padding_top_bottom_link_1=&#8221;false&#8221; padding_top_bottom_link_2=&#8221;true&#8221; padding_left_right_link_1=&#8221;false&#8221; padding_left_right_link_2=&#8221;false&#8221; admin_label=&#8221;Section&#8221; _builder_version=&#8221;4.18.0&#8243; _module_preset=&#8221;default&#8221; background_enable_color=&#8221;off&#8221; background_image=&#8221;https:\/\/www.conservaspedroluis.com\/wp-content\/uploads\/2022\/09\/Natube-Slide-2.webp&#8221; custom_padding=&#8221;5vw||5vw||true|false&#8221; custom_padding_tablet=&#8221;100px||100px||true|false&#8221; custom_padding_phone=&#8221;80px||80px||true|false&#8221; global_colors_info=&#8221;{}&#8221;][et_pb_row column_structure=&#8221;3_5,2_5&#8243; custom_padding_last_edited=&#8221;on|phone&#8221; _builder_version=&#8221;4.16&#8243; _module_preset=&#8221;default&#8221; background_color=&#8221;#000000&#8243; width=&#8221;90%&#8221; custom_padding=&#8221;80px|60px|80px|60px|true|true&#8221; custom_padding_tablet=&#8221;40px|30px|40px|30px|true|true&#8221; custom_padding_phone=&#8221;|20px||20px|true|true&#8221; border_radii=&#8221;on|10px|10px|10px|10px&#8221; box_shadow_style=&#8221;preset3&#8243; box_shadow_vertical=&#8221;64px&#8221; box_shadow_blur=&#8221;40px&#8221; box_shadow_spread=&#8221;-24px&#8221; box_shadow_color=&#8221;rgba(0,0,0,0.5)&#8221; global_colors_info=&#8221;{%22gcid-9b6d33f9-def0-4b28-b6f6-d4797450b15e%22:%91%93,%22gcid-e9cf049c-a19c-439f-a6f5-4d50714a124d%22:%91%93,%22gcid-b891c937-c256-45e5-b832-f41a43349cb5%22:%91%93}&#8221;][et_pb_column type=&#8221;3_5&#8243; _builder_version=&#8221;4.16&#8243; _module_preset=&#8221;default&#8221; global_colors_info=&#8221;{}&#8221;][et_pb_text admin_label=&#8221;Subtitle&#8221; _builder_version=&#8221;4.18.0&#8243; text_font=&#8221;Quattrocento||||||||&#8221; header_font=&#8221;||||||||&#8221; header_2_font=&#8221;Quattrocento||||||||&#8221; header_2_text_color=&#8221;#FFFFFF&#8221; header_2_font_size=&#8221;30px&#8221; text_orientation=&#8221;justified&#8221; module_alignment=&#8221;left&#8221; custom_margin=&#8221;||||false|false&#8221; custom_padding=&#8221;||||false|false&#8221; animation_style=&#8221;fade&#8221; animation_direction=&#8221;left&#8221; animation_starting_opacity=&#8221;100%&#8221; global_colors_info=&#8221;{}&#8221;]<\/p>\n<h2><strong>Fresh and organic<\/strong><\/h2>\n<p>[\/et_pb_text][et_pb_text _builder_version=&#8221;4.18.0&#8243; text_font=&#8221;||||||||&#8221; text_text_color=&#8221;#FFFFFF&#8221; text_letter_spacing=&#8221;1px&#8221; text_line_height=&#8221;2em&#8221; text_orientation=&#8221;justified&#8221; global_colors_info=&#8221;{}&#8221; custom_padding=&#8221;||0px|||&#8221;]<\/p>\n<p style=\"margin: 0cm; text-align: justify; line-height: 24.0pt; vertical-align: baseline;\"><span lang=\"EN-GB\" style=\"font-size: 13.5pt; font-family: 'Quattrocento',serif;\">Natube Children&#8217;s Purees are prepared only with fresh, seasonal ingredients.<span style=\"letter-spacing: .75pt;\"><o:p><\/o:p><\/span><\/span><\/p>\n<p style=\"margin: 0cm; text-align: justify; line-height: 24.0pt; vertical-align: baseline;\"><span lang=\"EN-GB\" style=\"font-size: 13.5pt; font-family: 'Quattrocento',serif;\">They don\u2019t contain added ingredients like salt, sugars, preservatives, colourings or other additives, or gluten or starch either.<span style=\"letter-spacing: .75pt;\"><o:p><\/o:p><\/span><\/span><\/p>\n<p>[\/et_pb_text][\/et_pb_column][et_pb_column type=&#8221;2_5&#8243; _builder_version=&#8221;4.16&#8243; _module_preset=&#8221;default&#8221; global_colors_info=&#8221;{}&#8221;][et_pb_image src=&#8221;https:\/\/www.conservaspedroluis.com\/wp-content\/uploads\/2022\/09\/Nino-natube.jpg&#8221; alt=&#8221;Nino natube&#8221; title_text=&#8221;Nino natube&#8221; _builder_version=&#8221;4.18.0&#8243; _module_preset=&#8221;default&#8221; global_colors_info=&#8221;{}&#8221;][\/et_pb_image][\/et_pb_column][\/et_pb_row][\/et_pb_section][et_pb_section fb_built=&#8221;1&#8243; _builder_version=&#8221;4.16&#8243; _module_preset=&#8221;default&#8221; custom_padding=&#8221;70px||70px||true|&#8221; global_colors_info=&#8221;{}&#8221;][et_pb_row column_structure=&#8221;1_2,1_2&#8243; make_equal=&#8221;on&#8221; _builder_version=&#8221;4.16&#8243; _module_preset=&#8221;default&#8221; global_colors_info=&#8221;{}&#8221;][et_pb_column type=&#8221;1_2&#8243; _builder_version=&#8221;4.16&#8243; _module_preset=&#8221;default&#8221; custom_padding=&#8221;||||false|true&#8221; box_shadow_style=&#8221;preset2&#8243; box_shadow_horizontal=&#8221;2px&#8221; box_shadow_vertical=&#8221;0px&#8221; box_shadow_blur=&#8221;10px&#8221; global_colors_info=&#8221;{}&#8221;][et_pb_image src=&#8221;https:\/\/www.conservaspedroluis.com\/wp-content\/uploads\/2022\/09\/Slide-pure.webp&#8221; title_text=&#8221;Slide pure&#8221; show_in_lightbox=&#8221;on&#8221; _builder_version=&#8221;4.18.0&#8243; _module_preset=&#8221;default&#8221; custom_margin=&#8221;||-1px|||&#8221; global_colors_info=&#8221;{}&#8221;][\/et_pb_image][et_pb_text admin_label=&#8221;Subtitle&#8221; _builder_version=&#8221;4.18.0&#8243; text_font=&#8221;Quattrocento||||||||&#8221; header_font=&#8221;||||||||&#8221; header_2_font=&#8221;Quattrocento||||||||&#8221; header_2_text_align=&#8221;center&#8221; header_2_font_size=&#8221;28px&#8221; header_4_font_size=&#8221;16px&#8221; header_4_line_height=&#8221;1.8em&#8221; text_orientation=&#8221;justified&#8221; module_alignment=&#8221;left&#8221; custom_margin=&#8221;||||false|false&#8221; custom_padding=&#8221;20px|15px|20px|15px|true|true&#8221; animation_style=&#8221;fade&#8221; animation_direction=&#8221;left&#8221; animation_starting_opacity=&#8221;100%&#8221; global_colors_info=&#8221;{}&#8221;]<\/p>\n<h2>Our purees<\/h2>\n<p>[\/et_pb_text][\/et_pb_column][et_pb_column type=&#8221;1_2&#8243; _builder_version=&#8221;4.16&#8243; _module_preset=&#8221;default&#8221; custom_padding=&#8221;||||false|true&#8221; box_shadow_style=&#8221;preset2&#8243; box_shadow_horizontal=&#8221;2px&#8221; box_shadow_vertical=&#8221;0px&#8221; box_shadow_blur=&#8221;10px&#8221; global_colors_info=&#8221;{}&#8221;][et_pb_image src=&#8221;https:\/\/www.conservaspedroluis.com\/wp-content\/uploads\/2022\/09\/Slide-cremas.webp&#8221; title_text=&#8221;Slide cremas&#8221; show_in_lightbox=&#8221;on&#8221; _builder_version=&#8221;4.18.0&#8243; _module_preset=&#8221;default&#8221; custom_margin=&#8221;||-1px|||&#8221; global_colors_info=&#8221;{}&#8221;][\/et_pb_image][et_pb_text admin_label=&#8221;Subtitle&#8221; _builder_version=&#8221;4.18.0&#8243; text_font=&#8221;Quattrocento||||||||&#8221; header_font=&#8221;||||||||&#8221; header_2_font=&#8221;Quattrocento||||||||&#8221; header_2_text_align=&#8221;center&#8221; header_2_font_size=&#8221;28px&#8221; header_4_font_size=&#8221;16px&#8221; header_4_line_height=&#8221;1.8em&#8221; text_orientation=&#8221;justified&#8221; module_alignment=&#8221;left&#8221; custom_margin=&#8221;||||false|false&#8221; custom_padding=&#8221;20px|15px|20px|15px|true|true&#8221; animation_style=&#8221;fade&#8221; animation_direction=&#8221;left&#8221; animation_starting_opacity=&#8221;100%&#8221; global_colors_info=&#8221;{}&#8221;]<\/p>\n<h2>Our creams<\/h2>\n<p>[\/et_pb_text][\/et_pb_column][\/et_pb_row][\/et_pb_section]<\/p>\n","protected":false},"excerpt":{"rendered":"<p>NatubeThe best selection of\u00a0fresh, seasonal ingredients for your baby. Prepared for your baby from the best selection of fresh, seasonal ingredients with all the guarantees and experience of Conservas Pedro Luis.Fresh and organicNatube Children&#8217;s Purees are prepared only with fresh, seasonal ingredients. They don\u2019t contain added ingredients like salt, sugars, preservatives, colourings or other additives, [&hellip;]<\/p>\n","protected":false},"author":1,"featured_media":0,"parent":0,"menu_order":0,"comment_status":"closed","ping_status":"closed","template":"","meta":{"_acf_changed":false,"_et_pb_use_builder":"on","_et_pb_old_content":"","_et_gb_content_width":"","footnotes":""},"class_list":["post-232137","page","type-page","status-publish","hentry"],"acf":[],"yoast_head":"<!-- This site is optimized with the Yoast SEO plugin v27.2 - https:\/\/yoast.com\/product\/yoast-seo-wordpress\/ -->\n<title>Natube - Conservas Pedro Luis<\/title>\n<meta name=\"description\" content=\"Los Pur\u00e9s Infantiles Natube son elaborados \u00fanicamente con ingredientes frescos y de temporada. La mejor selecci\u00f3n de ingredientes para tu bebe.\" \/>\n<meta name=\"robots\" content=\"index, follow, max-snippet:-1, max-image-preview:large, max-video-preview:-1\" \/>\n<link rel=\"canonical\" href=\"https:\/\/www.conservaspedroluis.com\/en\/natube\/\" \/>\n<meta property=\"og:locale\" content=\"en_US\" \/>\n<meta property=\"og:type\" content=\"article\" \/>\n<meta property=\"og:title\" content=\"Natube - Conservas Pedro Luis\" \/>\n<meta property=\"og:description\" content=\"Los Pur\u00e9s Infantiles Natube son elaborados \u00fanicamente con ingredientes frescos y de temporada. La mejor selecci\u00f3n de ingredientes para tu bebe.\" \/>\n<meta property=\"og:url\" content=\"https:\/\/www.conservaspedroluis.com\/en\/natube\/\" \/>\n<meta property=\"og:site_name\" content=\"Conservas Pedro Luis\" \/>\n<meta property=\"article:modified_time\" content=\"2023-01-18T13:53:20+00:00\" \/>\n<meta name=\"twitter:card\" content=\"summary_large_image\" \/>\n<meta name=\"twitter:label1\" content=\"Est. reading time\" \/>\n\t<meta name=\"twitter:data1\" content=\"2 minutes\" \/>\n<script type=\"application\/ld+json\" class=\"yoast-schema-graph\">{\"@context\":\"https:\/\/schema.org\",\"@graph\":[{\"@type\":\"WebPage\",\"@id\":\"https:\/\/www.conservaspedroluis.com\/en\/natube\/\",\"url\":\"https:\/\/www.conservaspedroluis.com\/en\/natube\/\",\"name\":\"Natube - Conservas Pedro Luis\",\"isPartOf\":{\"@id\":\"https:\/\/www.conservaspedroluis.com\/en\/#website\"},\"datePublished\":\"2022-09-19T15:13:27+00:00\",\"dateModified\":\"2023-01-18T13:53:20+00:00\",\"description\":\"Los Pur\u00e9s Infantiles Natube son elaborados \u00fanicamente con ingredientes frescos y de temporada. La mejor selecci\u00f3n de ingredientes para tu bebe.\",\"breadcrumb\":{\"@id\":\"https:\/\/www.conservaspedroluis.com\/en\/natube\/#breadcrumb\"},\"inLanguage\":\"en-US\",\"potentialAction\":[{\"@type\":\"ReadAction\",\"target\":[\"https:\/\/www.conservaspedroluis.com\/en\/natube\/\"]}]},{\"@type\":\"BreadcrumbList\",\"@id\":\"https:\/\/www.conservaspedroluis.com\/en\/natube\/#breadcrumb\",\"itemListElement\":[{\"@type\":\"ListItem\",\"position\":1,\"name\":\"Portada\",\"item\":\"https:\/\/www.conservaspedroluis.com\/en\/\"},{\"@type\":\"ListItem\",\"position\":2,\"name\":\"Natube\"}]},{\"@type\":\"WebSite\",\"@id\":\"https:\/\/www.conservaspedroluis.com\/en\/#website\",\"url\":\"https:\/\/www.conservaspedroluis.com\/en\/\",\"name\":\"Conservas Pedro Luis\",\"description\":\"Tus conservas vegetales en Lodosa, Conservas Gourmet.\",\"potentialAction\":[{\"@type\":\"SearchAction\",\"target\":{\"@type\":\"EntryPoint\",\"urlTemplate\":\"https:\/\/www.conservaspedroluis.com\/en\/?s={search_term_string}\"},\"query-input\":{\"@type\":\"PropertyValueSpecification\",\"valueRequired\":true,\"valueName\":\"search_term_string\"}}],\"inLanguage\":\"en-US\"}]}<\/script>\n<!-- \/ Yoast SEO plugin. -->","yoast_head_json":{"title":"Natube - Conservas Pedro Luis","description":"Los Pur\u00e9s Infantiles Natube son elaborados \u00fanicamente con ingredientes frescos y de temporada. La mejor selecci\u00f3n de ingredientes para tu bebe.","robots":{"index":"index","follow":"follow","max-snippet":"max-snippet:-1","max-image-preview":"max-image-preview:large","max-video-preview":"max-video-preview:-1"},"canonical":"https:\/\/www.conservaspedroluis.com\/en\/natube\/","og_locale":"en_US","og_type":"article","og_title":"Natube - Conservas Pedro Luis","og_description":"Los Pur\u00e9s Infantiles Natube son elaborados \u00fanicamente con ingredientes frescos y de temporada. La mejor selecci\u00f3n de ingredientes para tu bebe.","og_url":"https:\/\/www.conservaspedroluis.com\/en\/natube\/","og_site_name":"Conservas Pedro Luis","article_modified_time":"2023-01-18T13:53:20+00:00","twitter_card":"summary_large_image","twitter_misc":{"Est. reading time":"2 minutes"},"schema":{"@context":"https:\/\/schema.org","@graph":[{"@type":"WebPage","@id":"https:\/\/www.conservaspedroluis.com\/en\/natube\/","url":"https:\/\/www.conservaspedroluis.com\/en\/natube\/","name":"Natube - Conservas Pedro Luis","isPartOf":{"@id":"https:\/\/www.conservaspedroluis.com\/en\/#website"},"datePublished":"2022-09-19T15:13:27+00:00","dateModified":"2023-01-18T13:53:20+00:00","description":"Los Pur\u00e9s Infantiles Natube son elaborados \u00fanicamente con ingredientes frescos y de temporada. La mejor selecci\u00f3n de ingredientes para tu bebe.","breadcrumb":{"@id":"https:\/\/www.conservaspedroluis.com\/en\/natube\/#breadcrumb"},"inLanguage":"en-US","potentialAction":[{"@type":"ReadAction","target":["https:\/\/www.conservaspedroluis.com\/en\/natube\/"]}]},{"@type":"BreadcrumbList","@id":"https:\/\/www.conservaspedroluis.com\/en\/natube\/#breadcrumb","itemListElement":[{"@type":"ListItem","position":1,"name":"Portada","item":"https:\/\/www.conservaspedroluis.com\/en\/"},{"@type":"ListItem","position":2,"name":"Natube"}]},{"@type":"WebSite","@id":"https:\/\/www.conservaspedroluis.com\/en\/#website","url":"https:\/\/www.conservaspedroluis.com\/en\/","name":"Conservas Pedro Luis","description":"Tus conservas vegetales en Lodosa, Conservas Gourmet.","potentialAction":[{"@type":"SearchAction","target":{"@type":"EntryPoint","urlTemplate":"https:\/\/www.conservaspedroluis.com\/en\/?s={search_term_string}"},"query-input":{"@type":"PropertyValueSpecification","valueRequired":true,"valueName":"search_term_string"}}],"inLanguage":"en-US"}]}},"_links":{"self":[{"href":"https:\/\/www.conservaspedroluis.com\/en\/wp-json\/wp\/v2\/pages\/232137","targetHints":{"allow":["GET"]}}],"collection":[{"href":"https:\/\/www.conservaspedroluis.com\/en\/wp-json\/wp\/v2\/pages"}],"about":[{"href":"https:\/\/www.conservaspedroluis.com\/en\/wp-json\/wp\/v2\/types\/page"}],"author":[{"embeddable":true,"href":"https:\/\/www.conservaspedroluis.com\/en\/wp-json\/wp\/v2\/users\/1"}],"replies":[{"embeddable":true,"href":"https:\/\/www.conservaspedroluis.com\/en\/wp-json\/wp\/v2\/comments?post=232137"}],"version-history":[{"count":0,"href":"https:\/\/www.conservaspedroluis.com\/en\/wp-json\/wp\/v2\/pages\/232137\/revisions"}],"wp:attachment":[{"href":"https:\/\/www.conservaspedroluis.com\/en\/wp-json\/wp\/v2\/media?parent=232137"}],"curies":[{"name":"wp","href":"https:\/\/api.w.org\/{rel}","templated":true}]}}