{"id":232548,"date":"2021-04-28T15:43:14","date_gmt":"2021-04-28T15:43:14","guid":{"rendered":"https:\/\/www.conservaspedroluis.com\/calidad-y-seguridad-alimentaria\/"},"modified":"2023-01-24T12:18:43","modified_gmt":"2023-01-24T12:18:43","slug":"qualite-et-securite-alimentaire","status":"publish","type":"page","link":"https:\/\/www.conservaspedroluis.com\/fr\/qualite-et-securite-alimentaire\/","title":{"rendered":"Qualit\u00e9 et s\u00e9curit\u00e9 alimentaire"},"content":{"rendered":"<p>[et_pb_section fb_built=\u00a0\u00bb1&Prime; _builder_version=\u00a0\u00bb4.16&Prime; _module_preset=\u00a0\u00bbdefault\u00a0\u00bb global_colors_info=\u00a0\u00bb{}\u00a0\u00bb][et_pb_row _builder_version=\u00a0\u00bb4.16&Prime; global_colors_info=\u00a0\u00bb{}\u00a0\u00bb][et_pb_column type=\u00a0\u00bb4_4&Prime; _builder_version=\u00a0\u00bb4.16&Prime; custom_padding=\u00a0\u00bb|||\u00a0\u00bb global_colors_info=\u00a0\u00bb{}\u00a0\u00bb custom_padding__hover=\u00a0\u00bb|||\u00a0\u00bb][et_pb_post_title meta=\u00a0\u00bboff\u00a0\u00bb featured_image=\u00a0\u00bboff\u00a0\u00bb _builder_version=\u00a0\u00bb4.16&Prime; _module_preset=\u00a0\u00bbdefault\u00a0\u00bb title_font=\u00a0\u00bbQuattrocento||||||||\u00a0\u00bb title_font_size=\u00a0\u00bb60px\u00a0\u00bb title_font_size_tablet=\u00a0\u00bb40px\u00a0\u00bb title_font_size_phone=\u00a0\u00bb40px\u00a0\u00bb title_font_size_last_edited=\u00a0\u00bbon|desktop\u00a0\u00bb global_colors_info=\u00a0\u00bb{}\u00a0\u00bb][\/et_pb_post_title][\/et_pb_column][\/et_pb_row][et_pb_row column_structure=\u00a0\u00bb2_5,3_5&Prime; _builder_version=\u00a0\u00bb4.16&Prime; _module_preset=\u00a0\u00bbdefault\u00a0\u00bb global_colors_info=\u00a0\u00bb{}\u00a0\u00bb][et_pb_column type=\u00a0\u00bb2_5&Prime; _builder_version=\u00a0\u00bb4.16&Prime; _module_preset=\u00a0\u00bbdefault\u00a0\u00bb global_colors_info=\u00a0\u00bb{}\u00a0\u00bb][et_pb_text admin_label=\u00a0\u00bbSubtitle\u00a0\u00bb _builder_version=\u00a0\u00bb4.19.4&Prime; text_font=\u00a0\u00bb||||||||\u00a0\u00bb text_text_color=\u00a0\u00bb#000000&Prime; header_font=\u00a0\u00bb||||||||\u00a0\u00bb header_2_font=\u00a0\u00bbQuattrocento|700|||||||\u00a0\u00bb header_2_font_size=\u00a0\u00bb28px\u00a0\u00bb text_orientation=\u00a0\u00bbjustified\u00a0\u00bb module_alignment=\u00a0\u00bbcenter\u00a0\u00bb custom_margin=\u00a0\u00bb||||false|false\u00a0\u00bb custom_padding=\u00a0\u00bb||||false|false\u00a0\u00bb animation_style=\u00a0\u00bbfade\u00a0\u00bb animation_direction=\u00a0\u00bbleft\u00a0\u00bb animation_starting_opacity=\u00a0\u00bb100%\u00a0\u00bb hover_enabled=\u00a0\u00bb0&Prime; text_font_size_tablet=\u00a0\u00bb15px\u00a0\u00bb text_font_size_phone=\u00a0\u00bb14px\u00a0\u00bb text_font_size_last_edited=\u00a0\u00bboff|desktop\u00a0\u00bb global_colors_info=\u00a0\u00bb{}\u00a0\u00bb sticky_enabled=\u00a0\u00bb0&Prime;]<\/p>\n<p style=\"text-align: justify;\"><span class=\"fontstyle0\">La qualit\u00e9 de nos produits est garantie par nos propres laboratoires et des laboratoires ind\u00e9pendants. Chacun de nos r\u00e9cipients est contr\u00f4l\u00e9 individuellement par lot, ce qui permet de garantir la tra\u00e7abilit\u00e9 des produits que nous \u00e9laborons. Notre entreprise est associ\u00e9e au Centre National de Technologie et S\u00e9curit\u00e9 Alimentaire de San Adri\u00e1n (Navarre).<\/span> <\/p>\n<p>[\/et_pb_text][\/et_pb_column][et_pb_column type=\u00a0\u00bb3_5&Prime; _builder_version=\u00a0\u00bb4.16&Prime; _module_preset=\u00a0\u00bbdefault\u00a0\u00bb global_colors_info=\u00a0\u00bb{}\u00a0\u00bb][et_pb_video src=\u00a0\u00bbhttps:\/\/www.conservaspedroluis.com\/wp-content\/uploads\/2021\/08\/web-calidad-v2.mp4&Prime; image_src=\u00a0\u00bbhttps:\/\/www.conservaspedroluis.com\/wp-content\/uploads\/2021\/08\/web-calidad-capa.jpg\u00a0\u00bb module_class=\u00a0\u00bblwp-no-download\u00a0\u00bb _builder_version=\u00a0\u00bb4.16&Prime; _module_preset=\u00a0\u00bbdefault\u00a0\u00bb max_width=\u00a0\u00bb97%\u00a0\u00bb module_alignment=\u00a0\u00bbcenter\u00a0\u00bb global_colors_info=\u00a0\u00bb{}\u00a0\u00bb][\/et_pb_video][\/et_pb_column][\/et_pb_row][\/et_pb_section][et_pb_section fb_built=\u00a0\u00bb1&Prime; _builder_version=\u00a0\u00bb4.16&Prime; _module_preset=\u00a0\u00bbdefault\u00a0\u00bb use_background_color_gradient=\u00a0\u00bbon\u00a0\u00bb background_color_gradient_stops=\u00a0\u00bb#f3f1e5 0%|#f3f1e5 100%\u00a0\u00bb background_color_gradient_overlays_image=\u00a0\u00bbon\u00a0\u00bb background_color_gradient_start=\u00a0\u00bb#f3f1e5&Prime; background_color_gradient_end=\u00a0\u00bb#f3f1e5&Prime; background_enable_image=\u00a0\u00bboff\u00a0\u00bb custom_padding=\u00a0\u00bb13px||13px||true|\u00a0\u00bb global_colors_info=\u00a0\u00bb{}\u00a0\u00bb][et_pb_row _builder_version=\u00a0\u00bb4.16&Prime; _module_preset=\u00a0\u00bbdefault\u00a0\u00bb custom_margin=\u00a0\u00bb52px|auto|52px|auto|true|\u00a0\u00bb custom_padding=\u00a0\u00bb9px||9px||true|\u00a0\u00bb global_colors_info=\u00a0\u00bb{}\u00a0\u00bb][et_pb_column type=\u00a0\u00bb4_4&Prime; _builder_version=\u00a0\u00bb4.16&Prime; _module_preset=\u00a0\u00bbdefault\u00a0\u00bb global_colors_info=\u00a0\u00bb{}\u00a0\u00bb][et_pb_text admin_label=\u00a0\u00bbSubtitle\u00a0\u00bb _builder_version=\u00a0\u00bb4.19.4&Prime; text_font=\u00a0\u00bbQuattrocento||||||||\u00a0\u00bb header_font=\u00a0\u00bb||||||||\u00a0\u00bb header_2_font=\u00a0\u00bbQuattrocento|700|||||||\u00a0\u00bb header_2_text_align=\u00a0\u00bbleft\u00a0\u00bb header_2_font_size=\u00a0\u00bb35px\u00a0\u00bb module_alignment=\u00a0\u00bbcenter\u00a0\u00bb custom_margin=\u00a0\u00bb||22px|||\u00a0\u00bb custom_padding=\u00a0\u00bb5px|||||\u00a0\u00bb animation_style=\u00a0\u00bbfade\u00a0\u00bb animation_direction=\u00a0\u00bbleft\u00a0\u00bb animation_starting_opacity=\u00a0\u00bb100%\u00a0\u00bb hover_enabled=\u00a0\u00bb0&Prime; global_colors_info=\u00a0\u00bb{}\u00a0\u00bb sticky_enabled=\u00a0\u00bb0&Prime;]<\/p>\n<h2>\u00a0<span class=\"fontstyle0\">Certificat IFS<\/span> <\/h2>\n<p>[\/et_pb_text][et_pb_text admin_label=\u00a0\u00bbSubtitle\u00a0\u00bb _builder_version=\u00a0\u00bb4.19.4&Prime; text_font=\u00a0\u00bb||||||||\u00a0\u00bb text_text_color=\u00a0\u00bb#000000&Prime; header_font=\u00a0\u00bb||||||||\u00a0\u00bb header_2_font=\u00a0\u00bbQuattrocento|700|||||||\u00a0\u00bb header_2_font_size=\u00a0\u00bb28px\u00a0\u00bb text_orientation=\u00a0\u00bbjustified\u00a0\u00bb module_alignment=\u00a0\u00bbcenter\u00a0\u00bb custom_margin=\u00a0\u00bb||||false|false\u00a0\u00bb custom_padding=\u00a0\u00bb||||false|false\u00a0\u00bb animation_style=\u00a0\u00bbfade\u00a0\u00bb animation_direction=\u00a0\u00bbleft\u00a0\u00bb animation_starting_opacity=\u00a0\u00bb100%\u00a0\u00bb hover_enabled=\u00a0\u00bb0&Prime; global_colors_info=\u00a0\u00bb{}\u00a0\u00bb sticky_enabled=\u00a0\u00bb0&Prime;]<\/p>\n<p style=\"text-align: justify;\"><span class=\"fontstyle0\">Le protocole IFS (<\/span><span class=\"fontstyle2\">International Food Standard<\/span><span class=\"fontstyle0\">) est une norme cr\u00e9\u00e9e par les grandes compagnies de distribution allemandes et fran\u00e7aises et charg\u00e9e de r\u00e9guler les syst\u00e8mes de gestion de la qualit\u00e9 des entreprises du secteur de l\u2019alimentation dans le but d\u2019obtenir le maximum de s\u00e9curit\u00e9 dans les processus de fabrication et de manipulation d\u2019aliments.<br \/>Conservas Pedro Luis, qui se caract\u00e9rise par son fort engagement envers la qualit\u00e9, a donc d\u00e9cid\u00e9 d\u2019implanter l\u2019IFS en vue d\u2019accomplir les param\u00e8tres les de qualit\u00e9 et de s\u00e9curit\u00e9 alimentaire les plus \u00e9lev\u00e9s, mais sans pour autant renoncer \u00e0 ses m\u00e9thodes artisanales d\u2019\u00e9laboration. En obtenant la certification avec le niveau le plus \u00e9lev\u00e9 (IFS Higher Level),<br \/>Conservas Pedro Luis accomplit les normes les plus exigeantes en mati\u00e8re de s\u00e9curit\u00e9 alimentaire, qualit\u00e9 des installations et des processus de production pour l\u2019\u00e9laboration de ses conserves, ce qui signifie \u00e9galement la reconnaissance au travail r\u00e9alis\u00e9 pour atteindre cet objectif par tous les services de l\u2019entreprise.<\/span> <\/p>\n<p>[\/et_pb_text][\/et_pb_column][\/et_pb_row][\/et_pb_section][et_pb_section fb_built=\u00a0\u00bb1&Prime; _builder_version=\u00a0\u00bb4.16&Prime; _module_preset=\u00a0\u00bbdefault\u00a0\u00bb global_colors_info=\u00a0\u00bb{}\u00a0\u00bb][et_pb_row column_structure=\u00a0\u00bb1_2,1_2&Prime; _builder_version=\u00a0\u00bb4.16&Prime; _module_preset=\u00a0\u00bbdefault\u00a0\u00bb max_width=\u00a0\u00bb1200px\u00a0\u00bb global_colors_info=\u00a0\u00bb{}\u00a0\u00bb][et_pb_column type=\u00a0\u00bb1_2&Prime; _builder_version=\u00a0\u00bb4.16&Prime; _module_preset=\u00a0\u00bbdefault\u00a0\u00bb custom_padding=\u00a0\u00bb|40px||40px|false|true\u00a0\u00bb custom_padding_tablet=\u00a0\u00bb\u00a0\u00bb custom_padding_phone=\u00a0\u00bb\u00a0\u00bb custom_padding_last_edited=\u00a0\u00bbon|desktop\u00a0\u00bb global_colors_info=\u00a0\u00bb{}\u00a0\u00bb][et_pb_image src=\u00a0\u00bbhttps:\/\/www.conservaspedroluis.com\/wp-content\/uploads\/2021\/04\/i-3.png\u00a0\u00bb title_text=\u00a0\u00bbi 3&Prime; align=\u00a0\u00bbcenter\u00a0\u00bb _builder_version=\u00a0\u00bb4.16&Prime; _module_preset=\u00a0\u00bbdefault\u00a0\u00bb global_colors_info=\u00a0\u00bb{}\u00a0\u00bb][\/et_pb_image][\/et_pb_column][et_pb_column type=\u00a0\u00bb1_2&Prime; _builder_version=\u00a0\u00bb4.16&Prime; _module_preset=\u00a0\u00bbdefault\u00a0\u00bb custom_padding=\u00a0\u00bb|40px||40px|false|true\u00a0\u00bb custom_padding_tablet=\u00a0\u00bb\u00a0\u00bb custom_padding_phone=\u00a0\u00bb\u00a0\u00bb custom_padding_last_edited=\u00a0\u00bbon|desktop\u00a0\u00bb global_colors_info=\u00a0\u00bb{}\u00a0\u00bb][et_pb_image src=\u00a0\u00bbhttps:\/\/www.conservaspedroluis.com\/wp-content\/uploads\/2021\/04\/i-2.png\u00a0\u00bb title_text=\u00a0\u00bbi 2&Prime; align=\u00a0\u00bbcenter\u00a0\u00bb _builder_version=\u00a0\u00bb4.16&Prime; _module_preset=\u00a0\u00bbdefault\u00a0\u00bb global_colors_info=\u00a0\u00bb{}\u00a0\u00bb][\/et_pb_image][\/et_pb_column][\/et_pb_row][\/et_pb_section]<\/p>\n","protected":false},"excerpt":{"rendered":"<p>La qualit\u00e9 de nos produits est garantie par nos propres laboratoires et des laboratoires ind\u00e9pendants. Chacun de nos r\u00e9cipients est contr\u00f4l\u00e9 individuellement par lot, ce qui permet de garantir la tra\u00e7abilit\u00e9 des produits que nous \u00e9laborons. Notre entreprise est associ\u00e9e au Centre National de Technologie et S\u00e9curit\u00e9 Alimentaire de San Adri\u00e1n (Navarre). \u00a0Certificat IFS Le [&hellip;]<\/p>\n","protected":false},"author":1,"featured_media":0,"parent":0,"menu_order":0,"comment_status":"closed","ping_status":"closed","template":"","meta":{"_acf_changed":false,"_et_pb_use_builder":"on","_et_pb_old_content":"","_et_gb_content_width":"","footnotes":""},"class_list":["post-232548","page","type-page","status-publish","hentry"],"acf":[],"yoast_head":"<!-- This site is optimized with the Yoast SEO plugin v27.2 - https:\/\/yoast.com\/product\/yoast-seo-wordpress\/ -->\n<title>Qualit\u00e9 et s\u00e9curit\u00e9 alimentaire - Conservas Pedro Luis<\/title>\n<meta name=\"robots\" content=\"index, follow, max-snippet:-1, max-image-preview:large, max-video-preview:-1\" \/>\n<link rel=\"canonical\" href=\"https:\/\/www.conservaspedroluis.com\/fr\/qualite-et-securite-alimentaire\/\" \/>\n<meta property=\"og:locale\" content=\"fr_FR\" \/>\n<meta property=\"og:type\" content=\"article\" \/>\n<meta property=\"og:title\" content=\"Qualit\u00e9 et s\u00e9curit\u00e9 alimentaire - Conservas Pedro Luis\" \/>\n<meta property=\"og:description\" content=\"La qualit\u00e9 de nos produits est garantie par nos propres laboratoires et des laboratoires ind\u00e9pendants. Chacun de nos r\u00e9cipients est contr\u00f4l\u00e9 individuellement par lot, ce qui permet de garantir la tra\u00e7abilit\u00e9 des produits que nous \u00e9laborons. Notre entreprise est associ\u00e9e au Centre National de Technologie et S\u00e9curit\u00e9 Alimentaire de San Adri\u00e1n (Navarre). \u00a0Certificat IFS Le [&hellip;]\" \/>\n<meta property=\"og:url\" content=\"https:\/\/www.conservaspedroluis.com\/fr\/qualite-et-securite-alimentaire\/\" \/>\n<meta property=\"og:site_name\" content=\"Conservas Pedro Luis\" \/>\n<meta property=\"article:modified_time\" content=\"2023-01-24T12:18:43+00:00\" \/>\n<meta name=\"twitter:card\" content=\"summary_large_image\" \/>\n<meta name=\"twitter:label1\" content=\"Dur\u00e9e de lecture estim\u00e9e\" \/>\n\t<meta name=\"twitter:data1\" content=\"2 minutes\" \/>\n<script type=\"application\/ld+json\" class=\"yoast-schema-graph\">{\"@context\":\"https:\/\/schema.org\",\"@graph\":[{\"@type\":\"WebPage\",\"@id\":\"https:\/\/www.conservaspedroluis.com\/fr\/qualite-et-securite-alimentaire\/\",\"url\":\"https:\/\/www.conservaspedroluis.com\/fr\/qualite-et-securite-alimentaire\/\",\"name\":\"Qualit\u00e9 et s\u00e9curit\u00e9 alimentaire - Conservas Pedro Luis\",\"isPartOf\":{\"@id\":\"https:\/\/www.conservaspedroluis.com\/fr\/#website\"},\"datePublished\":\"2021-04-28T15:43:14+00:00\",\"dateModified\":\"2023-01-24T12:18:43+00:00\",\"breadcrumb\":{\"@id\":\"https:\/\/www.conservaspedroluis.com\/fr\/qualite-et-securite-alimentaire\/#breadcrumb\"},\"inLanguage\":\"fr-FR\",\"potentialAction\":[{\"@type\":\"ReadAction\",\"target\":[\"https:\/\/www.conservaspedroluis.com\/fr\/qualite-et-securite-alimentaire\/\"]}]},{\"@type\":\"BreadcrumbList\",\"@id\":\"https:\/\/www.conservaspedroluis.com\/fr\/qualite-et-securite-alimentaire\/#breadcrumb\",\"itemListElement\":[{\"@type\":\"ListItem\",\"position\":1,\"name\":\"Portada\",\"item\":\"https:\/\/www.conservaspedroluis.com\/fr\/\"},{\"@type\":\"ListItem\",\"position\":2,\"name\":\"Qualit\u00e9 et s\u00e9curit\u00e9 alimentaire\"}]},{\"@type\":\"WebSite\",\"@id\":\"https:\/\/www.conservaspedroluis.com\/fr\/#website\",\"url\":\"https:\/\/www.conservaspedroluis.com\/fr\/\",\"name\":\"Conservas Pedro Luis\",\"description\":\"Tus conservas vegetales en Lodosa, Conservas Gourmet.\",\"potentialAction\":[{\"@type\":\"SearchAction\",\"target\":{\"@type\":\"EntryPoint\",\"urlTemplate\":\"https:\/\/www.conservaspedroluis.com\/fr\/?s={search_term_string}\"},\"query-input\":{\"@type\":\"PropertyValueSpecification\",\"valueRequired\":true,\"valueName\":\"search_term_string\"}}],\"inLanguage\":\"fr-FR\"}]}<\/script>\n<!-- \/ Yoast SEO plugin. -->","yoast_head_json":{"title":"Qualit\u00e9 et s\u00e9curit\u00e9 alimentaire - Conservas Pedro Luis","robots":{"index":"index","follow":"follow","max-snippet":"max-snippet:-1","max-image-preview":"max-image-preview:large","max-video-preview":"max-video-preview:-1"},"canonical":"https:\/\/www.conservaspedroluis.com\/fr\/qualite-et-securite-alimentaire\/","og_locale":"fr_FR","og_type":"article","og_title":"Qualit\u00e9 et s\u00e9curit\u00e9 alimentaire - Conservas Pedro Luis","og_description":"La qualit\u00e9 de nos produits est garantie par nos propres laboratoires et des laboratoires ind\u00e9pendants. Chacun de nos r\u00e9cipients est contr\u00f4l\u00e9 individuellement par lot, ce qui permet de garantir la tra\u00e7abilit\u00e9 des produits que nous \u00e9laborons. Notre entreprise est associ\u00e9e au Centre National de Technologie et S\u00e9curit\u00e9 Alimentaire de San Adri\u00e1n (Navarre). \u00a0Certificat IFS Le [&hellip;]","og_url":"https:\/\/www.conservaspedroluis.com\/fr\/qualite-et-securite-alimentaire\/","og_site_name":"Conservas Pedro Luis","article_modified_time":"2023-01-24T12:18:43+00:00","twitter_card":"summary_large_image","twitter_misc":{"Dur\u00e9e de lecture estim\u00e9e":"2 minutes"},"schema":{"@context":"https:\/\/schema.org","@graph":[{"@type":"WebPage","@id":"https:\/\/www.conservaspedroluis.com\/fr\/qualite-et-securite-alimentaire\/","url":"https:\/\/www.conservaspedroluis.com\/fr\/qualite-et-securite-alimentaire\/","name":"Qualit\u00e9 et s\u00e9curit\u00e9 alimentaire - Conservas Pedro Luis","isPartOf":{"@id":"https:\/\/www.conservaspedroluis.com\/fr\/#website"},"datePublished":"2021-04-28T15:43:14+00:00","dateModified":"2023-01-24T12:18:43+00:00","breadcrumb":{"@id":"https:\/\/www.conservaspedroluis.com\/fr\/qualite-et-securite-alimentaire\/#breadcrumb"},"inLanguage":"fr-FR","potentialAction":[{"@type":"ReadAction","target":["https:\/\/www.conservaspedroluis.com\/fr\/qualite-et-securite-alimentaire\/"]}]},{"@type":"BreadcrumbList","@id":"https:\/\/www.conservaspedroluis.com\/fr\/qualite-et-securite-alimentaire\/#breadcrumb","itemListElement":[{"@type":"ListItem","position":1,"name":"Portada","item":"https:\/\/www.conservaspedroluis.com\/fr\/"},{"@type":"ListItem","position":2,"name":"Qualit\u00e9 et s\u00e9curit\u00e9 alimentaire"}]},{"@type":"WebSite","@id":"https:\/\/www.conservaspedroluis.com\/fr\/#website","url":"https:\/\/www.conservaspedroluis.com\/fr\/","name":"Conservas Pedro Luis","description":"Tus conservas vegetales en Lodosa, Conservas Gourmet.","potentialAction":[{"@type":"SearchAction","target":{"@type":"EntryPoint","urlTemplate":"https:\/\/www.conservaspedroluis.com\/fr\/?s={search_term_string}"},"query-input":{"@type":"PropertyValueSpecification","valueRequired":true,"valueName":"search_term_string"}}],"inLanguage":"fr-FR"}]}},"_links":{"self":[{"href":"https:\/\/www.conservaspedroluis.com\/fr\/wp-json\/wp\/v2\/pages\/232548","targetHints":{"allow":["GET"]}}],"collection":[{"href":"https:\/\/www.conservaspedroluis.com\/fr\/wp-json\/wp\/v2\/pages"}],"about":[{"href":"https:\/\/www.conservaspedroluis.com\/fr\/wp-json\/wp\/v2\/types\/page"}],"author":[{"embeddable":true,"href":"https:\/\/www.conservaspedroluis.com\/fr\/wp-json\/wp\/v2\/users\/1"}],"replies":[{"embeddable":true,"href":"https:\/\/www.conservaspedroluis.com\/fr\/wp-json\/wp\/v2\/comments?post=232548"}],"version-history":[{"count":0,"href":"https:\/\/www.conservaspedroluis.com\/fr\/wp-json\/wp\/v2\/pages\/232548\/revisions"}],"wp:attachment":[{"href":"https:\/\/www.conservaspedroluis.com\/fr\/wp-json\/wp\/v2\/media?parent=232548"}],"curies":[{"name":"wp","href":"https:\/\/api.w.org\/{rel}","templated":true}]}}