{"id":232551,"date":"2021-11-26T15:55:16","date_gmt":"2021-11-26T15:55:16","guid":{"rendered":"https:\/\/www.conservaspedroluis.com\/nos-matieres-premieres\/agricultores\/"},"modified":"2023-01-24T14:30:33","modified_gmt":"2023-01-24T14:30:33","slug":"agriculteurs","status":"publish","type":"page","link":"https:\/\/www.conservaspedroluis.com\/fr\/nos-matieres-premieres\/agriculteurs\/","title":{"rendered":"Agriculteurs"},"content":{"rendered":"<p>[et_pb_section fb_built=\u00a0\u00bb1&Prime; _builder_version=\u00a0\u00bb4.16&Prime; _module_preset=\u00a0\u00bbdefault\u00a0\u00bb global_colors_info=\u00a0\u00bb{}\u00a0\u00bb][et_pb_row _builder_version=\u00a0\u00bb4.16&Prime; global_colors_info=\u00a0\u00bb{}\u00a0\u00bb][et_pb_column type=\u00a0\u00bb4_4&Prime; _builder_version=\u00a0\u00bb4.16&Prime; custom_padding=\u00a0\u00bb|||\u00a0\u00bb global_colors_info=\u00a0\u00bb{}\u00a0\u00bb custom_padding__hover=\u00a0\u00bb|||\u00a0\u00bb][et_pb_post_title meta=\u00a0\u00bboff\u00a0\u00bb featured_image=\u00a0\u00bboff\u00a0\u00bb _builder_version=\u00a0\u00bb4.16&Prime; _module_preset=\u00a0\u00bbdefault\u00a0\u00bb title_font=\u00a0\u00bbQuattrocento||||||||\u00a0\u00bb title_font_size=\u00a0\u00bb60px\u00a0\u00bb title_font_size_tablet=\u00a0\u00bb40px\u00a0\u00bb title_font_size_phone=\u00a0\u00bb40px\u00a0\u00bb title_font_size_last_edited=\u00a0\u00bbon|desktop\u00a0\u00bb global_colors_info=\u00a0\u00bb{}\u00a0\u00bb][\/et_pb_post_title][\/et_pb_column][\/et_pb_row][et_pb_row column_structure=\u00a0\u00bb1_4,3_4&Prime; _builder_version=\u00a0\u00bb4.16&Prime; _module_preset=\u00a0\u00bbdefault\u00a0\u00bb global_colors_info=\u00a0\u00bb{}\u00a0\u00bb][et_pb_column type=\u00a0\u00bb1_4&Prime; _builder_version=\u00a0\u00bb4.16&Prime; _module_preset=\u00a0\u00bbdefault\u00a0\u00bb border_width_right=\u00a0\u00bb5px\u00a0\u00bb border_color_right=\u00a0\u00bb#0C71C3&Prime; global_colors_info=\u00a0\u00bb{}\u00a0\u00bb][et_pb_image src=\u00a0\u00bbhttps:\/\/www.conservaspedroluis.com\/wp-content\/uploads\/2021\/11\/agricultores-1.jpg\u00a0\u00bb title_text=\u00a0\u00bbagricultores 1&Prime; show_in_lightbox=\u00a0\u00bbon\u00a0\u00bb _builder_version=\u00a0\u00bb4.16&Prime; _module_preset=\u00a0\u00bbdefault\u00a0\u00bb custom_padding=\u00a0\u00bb|10px|||false|false\u00a0\u00bb border_color_right=\u00a0\u00bb#0C71C3&Prime; global_colors_info=\u00a0\u00bb{}\u00a0\u00bb][\/et_pb_image][\/et_pb_column][et_pb_column type=\u00a0\u00bb3_4&Prime; _builder_version=\u00a0\u00bb4.16&Prime; _module_preset=\u00a0\u00bbdefault\u00a0\u00bb global_colors_info=\u00a0\u00bb{}\u00a0\u00bb][et_pb_text admin_label=\u00a0\u00bbSubtitle\u00a0\u00bb _builder_version=\u00a0\u00bb4.19.4&Prime; text_font=\u00a0\u00bbQuattrocento||||||||\u00a0\u00bb header_font=\u00a0\u00bb||||||||\u00a0\u00bb header_2_font=\u00a0\u00bbQuattrocento|700|||||||\u00a0\u00bb header_2_font_size=\u00a0\u00bb25px\u00a0\u00bb header_4_font_size=\u00a0\u00bb16px\u00a0\u00bb header_4_line_height=\u00a0\u00bb1.8em\u00a0\u00bb text_orientation=\u00a0\u00bbjustified\u00a0\u00bb module_alignment=\u00a0\u00bbleft\u00a0\u00bb custom_margin=\u00a0\u00bb||||false|false\u00a0\u00bb custom_padding=\u00a0\u00bb15px|15px|15px|15px|true|true\u00a0\u00bb animation_style=\u00a0\u00bbfade\u00a0\u00bb animation_direction=\u00a0\u00bbleft\u00a0\u00bb animation_starting_opacity=\u00a0\u00bb100%\u00a0\u00bb hover_enabled=\u00a0\u00bb0&Prime; border_width_all=\u00a0\u00bb1px\u00a0\u00bb global_colors_info=\u00a0\u00bb{}\u00a0\u00bb sticky_enabled=\u00a0\u00bb0&Prime;]<\/p>\n<h2>PEDRO BAZT\u00c1N &gt; LAZAGURRIA<\/h2>\n<p style=\"text-align: justify;\"><span class=\"fontstyle0\">Asperges de Navarre \u2013 Artichauts de Tudela \u2013 Poivrons del Piquillo de Lodosa<\/span> <\/p>\n<p style=\"text-align: justify;\"><span class=\"fontstyle0\">Expert agricole devenu agriculteur \u00ab il n\u2019aimait pas rester assis \u00bb. Il commen\u00e7a par la culture des asperges, une activit\u00e9 agricole qu\u2019il avait apprise \u00e9tant enfant dans l\u2019exploitation familiale. Par la suite, apr\u00e8s l\u2019\u00e9largissement des cultures d\u2019irrigation dans la r\u00e9gion, il d\u00e9cida de diversifier ses cultures afin de compl\u00e9ter sa production annuelle avec les poivrons, les artichauts et en moindre mesure la vigne et les arbres fruitiers.<\/span> <\/p>\n<p>[\/et_pb_text][\/et_pb_column][\/et_pb_row][et_pb_row column_structure=\u00a0\u00bb1_4,3_4&Prime; _builder_version=\u00a0\u00bb4.16&Prime; _module_preset=\u00a0\u00bbdefault\u00a0\u00bb global_colors_info=\u00a0\u00bb{}\u00a0\u00bb][et_pb_column type=\u00a0\u00bb1_4&Prime; _builder_version=\u00a0\u00bb4.16&Prime; _module_preset=\u00a0\u00bbdefault\u00a0\u00bb border_width_right=\u00a0\u00bb5px\u00a0\u00bb border_color_right=\u00a0\u00bb#0C71C3&Prime; global_colors_info=\u00a0\u00bb{}\u00a0\u00bb][et_pb_image src=\u00a0\u00bbhttps:\/\/www.conservaspedroluis.com\/wp-content\/uploads\/2021\/12\/Agricultor-jaime.jpg\u00a0\u00bb title_text=\u00a0\u00bbAgricultor jaime\u00a0\u00bb show_in_lightbox=\u00a0\u00bbon\u00a0\u00bb _builder_version=\u00a0\u00bb4.16&Prime; _module_preset=\u00a0\u00bbdefault\u00a0\u00bb custom_padding=\u00a0\u00bb|10px|||false|false\u00a0\u00bb border_color_right=\u00a0\u00bb#0C71C3&Prime; global_colors_info=\u00a0\u00bb{}\u00a0\u00bb][\/et_pb_image][et_pb_image src=\u00a0\u00bbhttps:\/\/www.conservaspedroluis.com\/wp-content\/uploads\/2021\/12\/Agricultor-vicente.jpg\u00a0\u00bb title_text=\u00a0\u00bbAgricultor vicente\u00a0\u00bb show_in_lightbox=\u00a0\u00bbon\u00a0\u00bb _builder_version=\u00a0\u00bb4.16&Prime; _module_preset=\u00a0\u00bbdefault\u00a0\u00bb custom_padding=\u00a0\u00bb|10px|||false|false\u00a0\u00bb border_color_right=\u00a0\u00bb#0C71C3&Prime; global_colors_info=\u00a0\u00bb{}\u00a0\u00bb][\/et_pb_image][\/et_pb_column][et_pb_column type=\u00a0\u00bb3_4&Prime; _builder_version=\u00a0\u00bb4.16&Prime; _module_preset=\u00a0\u00bbdefault\u00a0\u00bb global_colors_info=\u00a0\u00bb{}\u00a0\u00bb][et_pb_text admin_label=\u00a0\u00bbSubtitle\u00a0\u00bb _builder_version=\u00a0\u00bb4.19.4&Prime; text_font=\u00a0\u00bbQuattrocento||||||||\u00a0\u00bb header_font=\u00a0\u00bb||||||||\u00a0\u00bb header_2_font=\u00a0\u00bbQuattrocento|700|||||||\u00a0\u00bb header_2_font_size=\u00a0\u00bb25px\u00a0\u00bb header_4_font_size=\u00a0\u00bb16px\u00a0\u00bb header_4_line_height=\u00a0\u00bb1.8em\u00a0\u00bb text_orientation=\u00a0\u00bbjustified\u00a0\u00bb module_alignment=\u00a0\u00bbleft\u00a0\u00bb custom_margin=\u00a0\u00bb||||false|false\u00a0\u00bb custom_padding=\u00a0\u00bb15px|15px|15px|15px|true|true\u00a0\u00bb animation_style=\u00a0\u00bbfade\u00a0\u00bb animation_direction=\u00a0\u00bbleft\u00a0\u00bb animation_starting_opacity=\u00a0\u00bb100%\u00a0\u00bb hover_enabled=\u00a0\u00bb0&Prime; border_width_all=\u00a0\u00bb1px\u00a0\u00bb global_colors_info=\u00a0\u00bb{}\u00a0\u00bb sticky_enabled=\u00a0\u00bb0&Prime;]<\/p>\n<h2><span class=\"fontstyle0\">SAT LA TORRE VERDE (JAIME ZABALETA ET<br \/>VICENTE GORBEA) &gt; LODOSA-SARTAGUDA<\/span> <\/h2>\n<p style=\"text-align: justify;\"><span class=\"fontstyle0\">Poivrons, tomates, fruits et l\u00e9gumes, tous d\u2019agriculture \u00e9cologique. Cela fait 32 ans que Jaime se consacre \u00e0 l\u2019agriculture, apr\u00e8s avoir commenc\u00e9 \u00e0 l\u2019\u00e2ge de 19 ans avec ses parents. En 2001\/2002 il commen\u00e7a avec l\u2019agriculture \u00e9cologique. La Torre Verde fut fond\u00e9e en 2007 mais Vicente et Jaime collaboraient d\u00e9j\u00e0 depuis plusieurs ann\u00e9es. Jaime amenait habituellement des poivrons \u00e0 l\u2019usine avec son p\u00e8re, de l\u00e0 vient la relation.<br \/><\/span><\/p>\n<p style=\"text-align: justify;\"><span class=\"fontstyle0\">En 1998, Vicente d\u00e9cida de s\u2019adonner \u00e0 l\u2019agriculture \u00e9cologique. Apr\u00e8s deux ans de conversion, en 2000, la soci\u00e9t\u00e9 ne produisait plus que de l\u2019\u00e9cologique. Auparavant il g\u00e9rait en solitaire une petite exploitation de serres, avec 5 600 m<\/span><span class=\"fontstyle0\">2 <\/span><span class=\"fontstyle0\">de fruits et l\u00e9gumes. Les deux d\u00e9cid\u00e8rent de joindre leurs efforts et d\u2019installer leur exploitation commune \u00e0 Lodosa. D\u00e9sormais, ils cultivent ensemble 23 hectares et 12 000 m<\/span><span class=\"fontstyle0\">2 <\/span><span class=\"fontstyle0\">de serres. Des fruits et l\u00e9gumes toute l\u2019ann\u00e9e.<\/span> <\/p>\n<p>[\/et_pb_text][\/et_pb_column][\/et_pb_row][et_pb_row column_structure=\u00a0\u00bb1_4,3_4&Prime; _builder_version=\u00a0\u00bb4.16&Prime; _module_preset=\u00a0\u00bbdefault\u00a0\u00bb global_colors_info=\u00a0\u00bb{}\u00a0\u00bb][et_pb_column type=\u00a0\u00bb1_4&Prime; _builder_version=\u00a0\u00bb4.16&Prime; _module_preset=\u00a0\u00bbdefault\u00a0\u00bb border_width_right=\u00a0\u00bb5px\u00a0\u00bb border_color_right=\u00a0\u00bb#0C71C3&Prime; global_colors_info=\u00a0\u00bb{}\u00a0\u00bb][et_pb_image src=\u00a0\u00bbhttps:\/\/www.conservaspedroluis.com\/wp-content\/uploads\/2021\/11\/agricultores-4.jpg\u00a0\u00bb title_text=\u00a0\u00bbagricultores 4&Prime; show_in_lightbox=\u00a0\u00bbon\u00a0\u00bb _builder_version=\u00a0\u00bb4.16&Prime; _module_preset=\u00a0\u00bbdefault\u00a0\u00bb custom_padding=\u00a0\u00bb|10px|||false|false\u00a0\u00bb border_color_right=\u00a0\u00bb#0C71C3&Prime; global_colors_info=\u00a0\u00bb{}\u00a0\u00bb][\/et_pb_image][\/et_pb_column][et_pb_column type=\u00a0\u00bb3_4&Prime; _builder_version=\u00a0\u00bb4.16&Prime; _module_preset=\u00a0\u00bbdefault\u00a0\u00bb global_colors_info=\u00a0\u00bb{}\u00a0\u00bb][et_pb_text admin_label=\u00a0\u00bbSubtitle\u00a0\u00bb _builder_version=\u00a0\u00bb4.19.4&Prime; text_font=\u00a0\u00bbQuattrocento||||||||\u00a0\u00bb header_font=\u00a0\u00bb||||||||\u00a0\u00bb header_2_font=\u00a0\u00bbQuattrocento|700|||||||\u00a0\u00bb header_2_font_size=\u00a0\u00bb25px\u00a0\u00bb header_4_font_size=\u00a0\u00bb16px\u00a0\u00bb header_4_line_height=\u00a0\u00bb1.8em\u00a0\u00bb text_orientation=\u00a0\u00bbjustified\u00a0\u00bb module_alignment=\u00a0\u00bbleft\u00a0\u00bb custom_margin=\u00a0\u00bb||||false|false\u00a0\u00bb custom_padding=\u00a0\u00bb15px|15px|15px|15px|true|true\u00a0\u00bb animation_style=\u00a0\u00bbfade\u00a0\u00bb animation_direction=\u00a0\u00bbleft\u00a0\u00bb animation_starting_opacity=\u00a0\u00bb100%\u00a0\u00bb hover_enabled=\u00a0\u00bb0&Prime; border_width_all=\u00a0\u00bb1px\u00a0\u00bb global_colors_info=\u00a0\u00bb{}\u00a0\u00bb sticky_enabled=\u00a0\u00bb0&Prime;]<\/p>\n<h2>JORGE RUIZ &gt; MENDAVIA<\/h2>\n<p><span class=\"fontstyle0\">Poivrons del Piquillo de Lodosa.<br \/><\/span><\/p>\n<p style=\"text-align: justify;\"><span class=\"fontstyle0\">Jorge a toujours travaill\u00e9 et, on peut dire, grandi dans les champs, au d\u00e9but en aidant son p\u00e8re agriculteur \u00e0 l\u2019exploitation familiale. <\/span>Au d\u00e9but ils travaillaient avec d\u2019autres agriculteurs, dans un syst\u00e8me <span class=\"fontstyle0\">appel\u00e9 anciennement \u00ab Tornaci\u00f3n \u00bb (par tours), chacun aidant les autres \u00e0 cultiver ses propres produits. Actuellement il continue son activit\u00e9 d\u2019agriculteur, cultivant essentiellement les poivrons et les asperges.<\/span> <\/p>\n<p>[\/et_pb_text][\/et_pb_column][\/et_pb_row][et_pb_row column_structure=\u00a0\u00bb1_4,3_4&Prime; _builder_version=\u00a0\u00bb4.16&Prime; _module_preset=\u00a0\u00bbdefault\u00a0\u00bb global_colors_info=\u00a0\u00bb{}\u00a0\u00bb][et_pb_column type=\u00a0\u00bb1_4&Prime; _builder_version=\u00a0\u00bb4.16&Prime; _module_preset=\u00a0\u00bbdefault\u00a0\u00bb border_width_right=\u00a0\u00bb5px\u00a0\u00bb border_color_right=\u00a0\u00bb#0C71C3&Prime; global_colors_info=\u00a0\u00bb{}\u00a0\u00bb][et_pb_image src=\u00a0\u00bbhttps:\/\/www.conservaspedroluis.com\/wp-content\/uploads\/2021\/11\/agricultores-5.jpg\u00a0\u00bb title_text=\u00a0\u00bbagricultores 5&Prime; show_in_lightbox=\u00a0\u00bbon\u00a0\u00bb _builder_version=\u00a0\u00bb4.16&Prime; _module_preset=\u00a0\u00bbdefault\u00a0\u00bb custom_padding=\u00a0\u00bb|10px|||false|false\u00a0\u00bb border_color_right=\u00a0\u00bb#0C71C3&Prime; global_colors_info=\u00a0\u00bb{}\u00a0\u00bb][\/et_pb_image][\/et_pb_column][et_pb_column type=\u00a0\u00bb3_4&Prime; _builder_version=\u00a0\u00bb4.16&Prime; _module_preset=\u00a0\u00bbdefault\u00a0\u00bb global_colors_info=\u00a0\u00bb{}\u00a0\u00bb][et_pb_text admin_label=\u00a0\u00bbSubtitle\u00a0\u00bb _builder_version=\u00a0\u00bb4.19.4&Prime; text_font=\u00a0\u00bbQuattrocento||||||||\u00a0\u00bb header_font=\u00a0\u00bb||||||||\u00a0\u00bb header_2_font=\u00a0\u00bbQuattrocento|700|||||||\u00a0\u00bb header_2_font_size=\u00a0\u00bb25px\u00a0\u00bb header_4_font_size=\u00a0\u00bb16px\u00a0\u00bb header_4_line_height=\u00a0\u00bb1.8em\u00a0\u00bb text_orientation=\u00a0\u00bbjustified\u00a0\u00bb module_alignment=\u00a0\u00bbleft\u00a0\u00bb custom_margin=\u00a0\u00bb||||false|false\u00a0\u00bb custom_padding=\u00a0\u00bb15px|15px|15px|15px|true|true\u00a0\u00bb animation_style=\u00a0\u00bbfade\u00a0\u00bb animation_direction=\u00a0\u00bbleft\u00a0\u00bb animation_starting_opacity=\u00a0\u00bb100%\u00a0\u00bb hover_enabled=\u00a0\u00bb0&Prime; border_width_all=\u00a0\u00bb1px\u00a0\u00bb global_colors_info=\u00a0\u00bb{}\u00a0\u00bb sticky_enabled=\u00a0\u00bb0&Prime;]<\/p>\n<h2>JOSE Y MANUEL BARRICARTE &gt; AZAGRA<\/h2>\n<p style=\"text-align: justify;\"><span class=\"fontstyle0\">Poivrons, tomates, fruits et l\u00e9gumes, tous d\u2019agriculture \u00e9cologique.<br \/>En 2000, ils revinrent d\u2019Italie, o\u00f9 ils commercialisaient des herbes aromatiques et des \u00e9pices \u00e9cologiques. Leur p\u00e8re \u00e9tait un agriculteur qui a travaill\u00e9 toute sa vie dans les champs. \u00c0 leur retour ils d\u00e9cid\u00e8rent d\u2019am\u00e9liorer les techniques de l\u2019agriculture \u00e9cologique alors que le ph\u00e9nom\u00e8ne n\u2019\u00e9tait encore que peu connu dans notre pays.<\/span><\/p>\n<p>[\/et_pb_text][\/et_pb_column][\/et_pb_row][\/et_pb_section]<\/p>\n","protected":false},"excerpt":{"rendered":"<p>PEDRO BAZT\u00c1N &gt; LAZAGURRIA Asperges de Navarre \u2013 Artichauts de Tudela \u2013 Poivrons del Piquillo de Lodosa Expert agricole devenu agriculteur \u00ab il n\u2019aimait pas rester assis \u00bb. Il commen\u00e7a par la culture des asperges, une activit\u00e9 agricole qu\u2019il avait apprise \u00e9tant enfant dans l\u2019exploitation familiale. Par la suite, apr\u00e8s l\u2019\u00e9largissement des cultures d\u2019irrigation dans [&hellip;]<\/p>\n","protected":false},"author":1,"featured_media":0,"parent":232549,"menu_order":0,"comment_status":"closed","ping_status":"closed","template":"","meta":{"_acf_changed":false,"_et_pb_use_builder":"on","_et_pb_old_content":"","_et_gb_content_width":"","footnotes":""},"class_list":["post-232551","page","type-page","status-publish","hentry"],"acf":[],"yoast_head":"<!-- This site is optimized with the Yoast SEO plugin v27.2 - https:\/\/yoast.com\/product\/yoast-seo-wordpress\/ -->\n<title>Agriculteurs - Conservas Pedro Luis<\/title>\n<meta name=\"description\" content=\"Expert agricole devenu agriculteur \u00ab il n\u2019aimait pas rester assis \u00bb. Ilcommen\u00e7a par la culture des asperges.\" \/>\n<meta name=\"robots\" content=\"index, follow, max-snippet:-1, max-image-preview:large, max-video-preview:-1\" \/>\n<link rel=\"canonical\" href=\"https:\/\/www.conservaspedroluis.com\/fr\/nos-matieres-premieres\/agriculteurs\/\" \/>\n<meta property=\"og:locale\" content=\"fr_FR\" \/>\n<meta property=\"og:type\" content=\"article\" \/>\n<meta property=\"og:title\" content=\"Agriculteurs - Conservas Pedro Luis\" \/>\n<meta property=\"og:description\" content=\"Expert agricole devenu agriculteur \u00ab il n\u2019aimait pas rester assis \u00bb. Ilcommen\u00e7a par la culture des asperges.\" \/>\n<meta property=\"og:url\" content=\"https:\/\/www.conservaspedroluis.com\/fr\/nos-matieres-premieres\/agriculteurs\/\" \/>\n<meta property=\"og:site_name\" content=\"Conservas Pedro Luis\" \/>\n<meta property=\"article:modified_time\" content=\"2023-01-24T14:30:33+00:00\" \/>\n<meta name=\"twitter:card\" content=\"summary_large_image\" \/>\n<meta name=\"twitter:label1\" content=\"Dur\u00e9e de lecture estim\u00e9e\" \/>\n\t<meta name=\"twitter:data1\" content=\"3 minutes\" \/>\n<script type=\"application\/ld+json\" class=\"yoast-schema-graph\">{\"@context\":\"https:\/\/schema.org\",\"@graph\":[{\"@type\":\"WebPage\",\"@id\":\"https:\/\/www.conservaspedroluis.com\/fr\/nos-matieres-premieres\/agriculteurs\/\",\"url\":\"https:\/\/www.conservaspedroluis.com\/fr\/nos-matieres-premieres\/agriculteurs\/\",\"name\":\"Agriculteurs - Conservas Pedro Luis\",\"isPartOf\":{\"@id\":\"https:\/\/www.conservaspedroluis.com\/fr\/#website\"},\"datePublished\":\"2021-11-26T15:55:16+00:00\",\"dateModified\":\"2023-01-24T14:30:33+00:00\",\"description\":\"Expert agricole devenu agriculteur \u00ab il n\u2019aimait pas rester assis \u00bb. Ilcommen\u00e7a par la culture des asperges.\",\"breadcrumb\":{\"@id\":\"https:\/\/www.conservaspedroluis.com\/fr\/nos-matieres-premieres\/agriculteurs\/#breadcrumb\"},\"inLanguage\":\"fr-FR\",\"potentialAction\":[{\"@type\":\"ReadAction\",\"target\":[\"https:\/\/www.conservaspedroluis.com\/fr\/nos-matieres-premieres\/agriculteurs\/\"]}]},{\"@type\":\"BreadcrumbList\",\"@id\":\"https:\/\/www.conservaspedroluis.com\/fr\/nos-matieres-premieres\/agriculteurs\/#breadcrumb\",\"itemListElement\":[{\"@type\":\"ListItem\",\"position\":1,\"name\":\"Portada\",\"item\":\"https:\/\/www.conservaspedroluis.com\/fr\/\"},{\"@type\":\"ListItem\",\"position\":2,\"name\":\"Nos mati\u00e8res premi\u00e8res\",\"item\":\"https:\/\/www.conservaspedroluis.com\/fr\/nos-matieres-premieres\/\"},{\"@type\":\"ListItem\",\"position\":3,\"name\":\"Agriculteurs\"}]},{\"@type\":\"WebSite\",\"@id\":\"https:\/\/www.conservaspedroluis.com\/fr\/#website\",\"url\":\"https:\/\/www.conservaspedroluis.com\/fr\/\",\"name\":\"Conservas Pedro Luis\",\"description\":\"Tus conservas vegetales en Lodosa, Conservas Gourmet.\",\"potentialAction\":[{\"@type\":\"SearchAction\",\"target\":{\"@type\":\"EntryPoint\",\"urlTemplate\":\"https:\/\/www.conservaspedroluis.com\/fr\/?s={search_term_string}\"},\"query-input\":{\"@type\":\"PropertyValueSpecification\",\"valueRequired\":true,\"valueName\":\"search_term_string\"}}],\"inLanguage\":\"fr-FR\"}]}<\/script>\n<!-- \/ Yoast SEO plugin. -->","yoast_head_json":{"title":"Agriculteurs - Conservas Pedro Luis","description":"Expert agricole devenu agriculteur \u00ab il n\u2019aimait pas rester assis \u00bb. Ilcommen\u00e7a par la culture des asperges.","robots":{"index":"index","follow":"follow","max-snippet":"max-snippet:-1","max-image-preview":"max-image-preview:large","max-video-preview":"max-video-preview:-1"},"canonical":"https:\/\/www.conservaspedroluis.com\/fr\/nos-matieres-premieres\/agriculteurs\/","og_locale":"fr_FR","og_type":"article","og_title":"Agriculteurs - Conservas Pedro Luis","og_description":"Expert agricole devenu agriculteur \u00ab il n\u2019aimait pas rester assis \u00bb. Ilcommen\u00e7a par la culture des asperges.","og_url":"https:\/\/www.conservaspedroluis.com\/fr\/nos-matieres-premieres\/agriculteurs\/","og_site_name":"Conservas Pedro Luis","article_modified_time":"2023-01-24T14:30:33+00:00","twitter_card":"summary_large_image","twitter_misc":{"Dur\u00e9e de lecture estim\u00e9e":"3 minutes"},"schema":{"@context":"https:\/\/schema.org","@graph":[{"@type":"WebPage","@id":"https:\/\/www.conservaspedroluis.com\/fr\/nos-matieres-premieres\/agriculteurs\/","url":"https:\/\/www.conservaspedroluis.com\/fr\/nos-matieres-premieres\/agriculteurs\/","name":"Agriculteurs - Conservas Pedro Luis","isPartOf":{"@id":"https:\/\/www.conservaspedroluis.com\/fr\/#website"},"datePublished":"2021-11-26T15:55:16+00:00","dateModified":"2023-01-24T14:30:33+00:00","description":"Expert agricole devenu agriculteur \u00ab il n\u2019aimait pas rester assis \u00bb. Ilcommen\u00e7a par la culture des asperges.","breadcrumb":{"@id":"https:\/\/www.conservaspedroluis.com\/fr\/nos-matieres-premieres\/agriculteurs\/#breadcrumb"},"inLanguage":"fr-FR","potentialAction":[{"@type":"ReadAction","target":["https:\/\/www.conservaspedroluis.com\/fr\/nos-matieres-premieres\/agriculteurs\/"]}]},{"@type":"BreadcrumbList","@id":"https:\/\/www.conservaspedroluis.com\/fr\/nos-matieres-premieres\/agriculteurs\/#breadcrumb","itemListElement":[{"@type":"ListItem","position":1,"name":"Portada","item":"https:\/\/www.conservaspedroluis.com\/fr\/"},{"@type":"ListItem","position":2,"name":"Nos mati\u00e8res premi\u00e8res","item":"https:\/\/www.conservaspedroluis.com\/fr\/nos-matieres-premieres\/"},{"@type":"ListItem","position":3,"name":"Agriculteurs"}]},{"@type":"WebSite","@id":"https:\/\/www.conservaspedroluis.com\/fr\/#website","url":"https:\/\/www.conservaspedroluis.com\/fr\/","name":"Conservas Pedro Luis","description":"Tus conservas vegetales en Lodosa, Conservas Gourmet.","potentialAction":[{"@type":"SearchAction","target":{"@type":"EntryPoint","urlTemplate":"https:\/\/www.conservaspedroluis.com\/fr\/?s={search_term_string}"},"query-input":{"@type":"PropertyValueSpecification","valueRequired":true,"valueName":"search_term_string"}}],"inLanguage":"fr-FR"}]}},"_links":{"self":[{"href":"https:\/\/www.conservaspedroluis.com\/fr\/wp-json\/wp\/v2\/pages\/232551","targetHints":{"allow":["GET"]}}],"collection":[{"href":"https:\/\/www.conservaspedroluis.com\/fr\/wp-json\/wp\/v2\/pages"}],"about":[{"href":"https:\/\/www.conservaspedroluis.com\/fr\/wp-json\/wp\/v2\/types\/page"}],"author":[{"embeddable":true,"href":"https:\/\/www.conservaspedroluis.com\/fr\/wp-json\/wp\/v2\/users\/1"}],"replies":[{"embeddable":true,"href":"https:\/\/www.conservaspedroluis.com\/fr\/wp-json\/wp\/v2\/comments?post=232551"}],"version-history":[{"count":0,"href":"https:\/\/www.conservaspedroluis.com\/fr\/wp-json\/wp\/v2\/pages\/232551\/revisions"}],"up":[{"embeddable":true,"href":"https:\/\/www.conservaspedroluis.com\/fr\/wp-json\/wp\/v2\/pages\/232549"}],"wp:attachment":[{"href":"https:\/\/www.conservaspedroluis.com\/fr\/wp-json\/wp\/v2\/media?parent=232551"}],"curies":[{"name":"wp","href":"https:\/\/api.w.org\/{rel}","templated":true}]}}